{"id":392,"date":"2019-04-02T12:17:22","date_gmt":"2019-04-02T12:17:22","guid":{"rendered":"http:\/\/artangi.is\/?page_id=392"},"modified":"2019-05-01T13:14:54","modified_gmt":"2019-05-01T13:14:54","slug":"lifraenar-varnir","status":"publish","type":"page","link":"http:\/\/artangi.is\/index.php\/um-okkur\/lifraenar-varnir\/","title":{"rendered":"L\u00edfr\u00e6nar varnir"},"content":{"rendered":"\n<div class=\"wp-block-image\"><figure class=\"aligncenter\"><a href=\"http:\/\/artangi.is\/wp-content\/uploads\/2019\/04\/varnir2.png\" target=\"_blank\" rel=\"noreferrer noopener\"><img loading=\"lazy\" decoding=\"async\" width=\"650\" height=\"650\" src=\"http:\/\/artangi.is\/wp-content\/uploads\/2019\/04\/varnir2.png\" alt=\"\" class=\"wp-image-543\" srcset=\"http:\/\/artangi.is\/wp-content\/uploads\/2019\/04\/varnir2.png 650w, http:\/\/artangi.is\/wp-content\/uploads\/2019\/04\/varnir2-150x150.png 150w, http:\/\/artangi.is\/wp-content\/uploads\/2019\/04\/varnir2-300x300.png 300w\" sizes=\"(max-width: 650px) 100vw, 650px\" \/><\/a><\/figure><\/div>\n\n\n\n<h4 class=\"wp-block-heading\">L\u00edfr\u00e6nar varnir \u00fe\u00fd\u00f0a a\u00f0 vi\u00f0 notum n\u00e1tt\u00faruna til a\u00f0 vinna gegn meind\u00fdrum og\nsj\u00fakd\u00f3mum. Vi\u00f0 notum t.d. flugur (m\u00fd og vespur) sem verpa \u00ed&nbsp; l\u00fasina og bor\u00f0a hana innanfr\u00e1. Vi\u00f0 notum l\u00edka\nm\u00edtla, r\u00e1nmaura og t\u00edtur til a\u00f0 vinna \u00e1 \u00f6\u00f0rum meind\u00fdrum. \u00deau bor\u00f0a egg og p\u00fapur\nog sum jafnvel d\u00fdri\u00f0 sj\u00e1lft. Einnig notum vi\u00f0 \u00f6rverur og sveppi til a\u00f0 vinna \u00e1\nsveppasj\u00fakd\u00f3mum og fleiru.<\/h4>\n","protected":false},"excerpt":{"rendered":"<p>L\u00edfr\u00e6nar varnir \u00fe\u00fd\u00f0a a\u00f0 vi\u00f0 notum n\u00e1tt\u00faruna til a\u00f0 vinna gegn meind\u00fdrum og sj\u00fakd\u00f3mum. Vi\u00f0 notum t.d. flugur (m\u00fd og vespur) sem verpa \u00ed&nbsp; l\u00fasina og bor\u00f0a hana innanfr\u00e1. Vi\u00f0 notum l\u00edka m\u00edtla, r\u00e1nmaura og t\u00edtur til a\u00f0 vinna \u00e1 \u00f6\u00f0rum meind\u00fdrum. \u00deau bor\u00f0a egg og p\u00fapur og sum jafnvel d\u00fdri\u00f0 sj\u00e1lft. Einnig notum vi\u00f0 [&hellip;]<\/p>\n","protected":false},"author":1,"featured_media":0,"parent":339,"menu_order":0,"comment_status":"closed","ping_status":"closed","template":"","meta":{"_monsterinsights_skip_tracking":false,"_monsterinsights_sitenote_active":false,"_monsterinsights_sitenote_note":"","_monsterinsights_sitenote_category":0,"footnotes":""},"aioseo_notices":[],"_links":{"self":[{"href":"http:\/\/artangi.is\/index.php\/wp-json\/wp\/v2\/pages\/392"}],"collection":[{"href":"http:\/\/artangi.is\/index.php\/wp-json\/wp\/v2\/pages"}],"about":[{"href":"http:\/\/artangi.is\/index.php\/wp-json\/wp\/v2\/types\/page"}],"author":[{"embeddable":true,"href":"http:\/\/artangi.is\/index.php\/wp-json\/wp\/v2\/users\/1"}],"replies":[{"embeddable":true,"href":"http:\/\/artangi.is\/index.php\/wp-json\/wp\/v2\/comments?post=392"}],"version-history":[{"count":4,"href":"http:\/\/artangi.is\/index.php\/wp-json\/wp\/v2\/pages\/392\/revisions"}],"predecessor-version":[{"id":828,"href":"http:\/\/artangi.is\/index.php\/wp-json\/wp\/v2\/pages\/392\/revisions\/828"}],"up":[{"embeddable":true,"href":"http:\/\/artangi.is\/index.php\/wp-json\/wp\/v2\/pages\/339"}],"wp:attachment":[{"href":"http:\/\/artangi.is\/index.php\/wp-json\/wp\/v2\/media?parent=392"}],"curies":[{"name":"wp","href":"https:\/\/api.w.org\/{rel}","templated":true}]}}