{"id":427,"date":"2019-04-25T17:06:34","date_gmt":"2019-04-25T17:06:34","guid":{"rendered":"http:\/\/artangi.is\/?page_id=427"},"modified":"2019-05-01T12:47:21","modified_gmt":"2019-05-01T12:47:21","slug":"estragon","status":"publish","type":"page","link":"http:\/\/artangi.is\/index.php\/kryddjurtir\/estragon\/","title":{"rendered":"Estragon"},"content":{"rendered":"\n<div class=\"wp-block-image\"><figure class=\"aligncenter\"><a href=\"http:\/\/artangi.is\/wp-content\/uploads\/2019\/04\/estr1.png\" target=\"_blank\" rel=\"noreferrer noopener\"><img loading=\"lazy\" decoding=\"async\" width=\"480\" height=\"640\" src=\"http:\/\/artangi.is\/wp-content\/uploads\/2019\/04\/estr1.png\" alt=\"\" class=\"wp-image-610\" srcset=\"http:\/\/artangi.is\/wp-content\/uploads\/2019\/04\/estr1.png 480w, http:\/\/artangi.is\/wp-content\/uploads\/2019\/04\/estr1-225x300.png 225w\" sizes=\"(max-width: 480px) 100vw, 480px\" \/><\/a><\/figure><\/div>\n\n\n\n<h5 class=\"wp-block-heading\">Einnig \u00feekkt\nsem Tarragon e\u00f0a F\u00e1fnisgras. Estragon \u00e1 heimkynni \u00ed Evr\u00f3pu, As\u00edu og Nor\u00f0ur\nAmer\u00edku. Jurtin er miki\u00f0 notu\u00f0 \u00ed matarger\u00f0 og \u00ed lyf og er s\u00f6g\u00f0 verndandi og\nr\u00f3andi.<\/h5>\n\n\n\n<h5 class=\"wp-block-heading\">Estragon er fj\u00f6l\u00e6r planta sem getur or\u00f0i\u00f0 um 120-150 cm h\u00e1, me\u00f0 oddmj\u00f3 bl\u00f6\u00f0 sem eru um 2-8 cm l\u00f6ng og 2-10 mm brei\u00f0. Bl\u00f3min eru gul og geta or\u00f0i\u00f0 2-4 mm \u00ed \u00feverm\u00e1l. Estragon \u00feolir a\u00f0 vera \u00fati \u00e1 sumrin \u00e1 \u00cdslandi og er mj\u00f6g gott a\u00f0 r\u00e6kta \u00ed matjurtargar\u00f0inum. S\u00e9 \u00fea\u00f0 haft inni skal \u00fea\u00f0 vera \u00ed bj\u00f6rtum glugga og v\u00f6kvast \u00ed sk\u00e1lina annanhvern dag me\u00f0 \u00e1bur\u00f0i. <\/h5>\n\n\n\n<h5 class=\"wp-block-heading\">Estragon er a\u00f0allega nota\u00f0 \u00ed B\u00e9arnaise s\u00f3su en \u00fea\u00f0 er einnig nota\u00f0 \u00ed kj\u00faklinga-, fisk- og eggjar\u00e9tti. Ennfremur hefur \u00fea\u00f0 stundum veri\u00f0 nota\u00f0 \u00ed kols\u00fdr\u00f0a drykki og eftirr\u00e9tti. <\/h5>\n","protected":false},"excerpt":{"rendered":"<p>Einnig \u00feekkt sem Tarragon e\u00f0a F\u00e1fnisgras. Estragon \u00e1 heimkynni \u00ed Evr\u00f3pu, As\u00edu og Nor\u00f0ur Amer\u00edku. Jurtin er miki\u00f0 notu\u00f0 \u00ed matarger\u00f0 og \u00ed lyf og er s\u00f6g\u00f0 verndandi og r\u00f3andi. Estragon er fj\u00f6l\u00e6r planta sem getur or\u00f0i\u00f0 um 120-150 cm h\u00e1, me\u00f0 oddmj\u00f3 bl\u00f6\u00f0 sem eru um 2-8 cm l\u00f6ng og 2-10 mm brei\u00f0. Bl\u00f3min [&hellip;]<\/p>\n","protected":false},"author":1,"featured_media":0,"parent":350,"menu_order":0,"comment_status":"closed","ping_status":"closed","template":"","meta":{"_monsterinsights_skip_tracking":false,"_monsterinsights_sitenote_active":false,"_monsterinsights_sitenote_note":"","_monsterinsights_sitenote_category":0,"footnotes":""},"aioseo_notices":[],"_links":{"self":[{"href":"http:\/\/artangi.is\/index.php\/wp-json\/wp\/v2\/pages\/427"}],"collection":[{"href":"http:\/\/artangi.is\/index.php\/wp-json\/wp\/v2\/pages"}],"about":[{"href":"http:\/\/artangi.is\/index.php\/wp-json\/wp\/v2\/types\/page"}],"author":[{"embeddable":true,"href":"http:\/\/artangi.is\/index.php\/wp-json\/wp\/v2\/users\/1"}],"replies":[{"embeddable":true,"href":"http:\/\/artangi.is\/index.php\/wp-json\/wp\/v2\/comments?post=427"}],"version-history":[{"count":3,"href":"http:\/\/artangi.is\/index.php\/wp-json\/wp\/v2\/pages\/427\/revisions"}],"predecessor-version":[{"id":800,"href":"http:\/\/artangi.is\/index.php\/wp-json\/wp\/v2\/pages\/427\/revisions\/800"}],"up":[{"embeddable":true,"href":"http:\/\/artangi.is\/index.php\/wp-json\/wp\/v2\/pages\/350"}],"wp:attachment":[{"href":"http:\/\/artangi.is\/index.php\/wp-json\/wp\/v2\/media?parent=427"}],"curies":[{"name":"wp","href":"https:\/\/api.w.org\/{rel}","templated":true}]}}