{"id":440,"date":"2019-04-25T17:15:21","date_gmt":"2019-04-25T17:15:21","guid":{"rendered":"http:\/\/artangi.is\/?page_id=440"},"modified":"2019-05-01T12:58:18","modified_gmt":"2019-05-01T12:58:18","slug":"vatnakarsi","status":"publish","type":"page","link":"http:\/\/artangi.is\/index.php\/kryddjurtir\/vatnakarsi\/","title":{"rendered":"Vatnakarsi"},"content":{"rendered":"\n<div class=\"wp-block-image\"><figure class=\"aligncenter\"><a href=\"http:\/\/artangi.is\/wp-content\/uploads\/2019\/04\/vatnakarsi2.png\" target=\"_blank\" rel=\"noreferrer noopener\"><img loading=\"lazy\" decoding=\"async\" width=\"640\" height=\"480\" src=\"http:\/\/artangi.is\/wp-content\/uploads\/2019\/04\/vatnakarsi2.png\" alt=\"\" class=\"wp-image-628\" srcset=\"http:\/\/artangi.is\/wp-content\/uploads\/2019\/04\/vatnakarsi2.png 640w, http:\/\/artangi.is\/wp-content\/uploads\/2019\/04\/vatnakarsi2-300x225.png 300w\" sizes=\"(max-width: 640px) 100vw, 640px\" \/><\/a><\/figure><\/div>\n\n\n\n<h5 class=\"wp-block-heading\">Vatnakarsi er \u00ed grunninn vatnaplanta sem \u00fearf mikla v\u00f6kvun.\n\u00deessi planta \u00e1 uppruna sinn a\u00f0 messtu a\u00f0 rekja til Evr\u00f3pu og As\u00edu og er ein af\nelstu laufpl\u00f6ntum sem manneskjan bor\u00f0ar.<\/h5>\n\n\n\n<h5 class=\"wp-block-heading\">Vatnakarsi getur or\u00f0i\u00f0 50-120 cm h\u00e1. Stilkarnir eru holir a\u00f0\ninnan og geta \u00fev\u00ed floti\u00f0 \u00ed miklu vatni. Bl\u00f3min vaxa \u00ed \u00feyrpingum og eru l\u00edtil\ngr\u00e6n og hv\u00edt. En eins og svo margar kryddjurtir \u00fe\u00e1 ver\u00f0ur brag\u00f0i\u00f0 af bl\u00f6\u00f0unum\nbeiskara eftir \u00fev\u00ed sem \u00fea\u00f0 bl\u00f3mstrar meira.<\/h5>\n\n\n\n<h5 class=\"wp-block-heading\">Vatnakarsi er g\u00f3\u00f0ur \u00ed n\u00fa\u00f0lu- og hr\u00edsgrj\u00f3nar\u00e9tti, s\u00fapur og pottr\u00e9tti\nog svo er hann l\u00edka mj\u00f6g g\u00f3\u00f0ur \u00ed salati\u00f0<\/h5>\n","protected":false},"excerpt":{"rendered":"<p>Vatnakarsi er \u00ed grunninn vatnaplanta sem \u00fearf mikla v\u00f6kvun. \u00deessi planta \u00e1 uppruna sinn a\u00f0 messtu a\u00f0 rekja til Evr\u00f3pu og As\u00edu og er ein af elstu laufpl\u00f6ntum sem manneskjan bor\u00f0ar. Vatnakarsi getur or\u00f0i\u00f0 50-120 cm h\u00e1. Stilkarnir eru holir a\u00f0 innan og geta \u00fev\u00ed floti\u00f0 \u00ed miklu vatni. Bl\u00f3min vaxa \u00ed \u00feyrpingum og eru [&hellip;]<\/p>\n","protected":false},"author":1,"featured_media":0,"parent":350,"menu_order":0,"comment_status":"closed","ping_status":"closed","template":"","meta":{"_monsterinsights_skip_tracking":false,"_monsterinsights_sitenote_active":false,"_monsterinsights_sitenote_note":"","_monsterinsights_sitenote_category":0,"footnotes":""},"aioseo_notices":[],"_links":{"self":[{"href":"http:\/\/artangi.is\/index.php\/wp-json\/wp\/v2\/pages\/440"}],"collection":[{"href":"http:\/\/artangi.is\/index.php\/wp-json\/wp\/v2\/pages"}],"about":[{"href":"http:\/\/artangi.is\/index.php\/wp-json\/wp\/v2\/types\/page"}],"author":[{"embeddable":true,"href":"http:\/\/artangi.is\/index.php\/wp-json\/wp\/v2\/users\/1"}],"replies":[{"embeddable":true,"href":"http:\/\/artangi.is\/index.php\/wp-json\/wp\/v2\/comments?post=440"}],"version-history":[{"count":3,"href":"http:\/\/artangi.is\/index.php\/wp-json\/wp\/v2\/pages\/440\/revisions"}],"predecessor-version":[{"id":822,"href":"http:\/\/artangi.is\/index.php\/wp-json\/wp\/v2\/pages\/440\/revisions\/822"}],"up":[{"embeddable":true,"href":"http:\/\/artangi.is\/index.php\/wp-json\/wp\/v2\/pages\/350"}],"wp:attachment":[{"href":"http:\/\/artangi.is\/index.php\/wp-json\/wp\/v2\/media?parent=440"}],"curies":[{"name":"wp","href":"https:\/\/api.w.org\/{rel}","templated":true}]}}