{"id":443,"date":"2019-04-25T17:17:37","date_gmt":"2019-04-25T17:17:37","guid":{"rendered":"http:\/\/artangi.is\/?page_id=443"},"modified":"2019-05-01T12:49:56","modified_gmt":"2019-05-01T12:49:56","slug":"kerfill","status":"publish","type":"page","link":"http:\/\/artangi.is\/index.php\/kryddjurtir\/kerfill\/","title":{"rendered":"Kerfill"},"content":{"rendered":"\n<div class=\"wp-block-image\"><figure class=\"aligncenter\"><a href=\"http:\/\/artangi.is\/wp-content\/uploads\/2019\/04\/kerf1.png\" target=\"_blank\" rel=\"noreferrer noopener\"><img loading=\"lazy\" decoding=\"async\" width=\"640\" height=\"480\" src=\"http:\/\/artangi.is\/wp-content\/uploads\/2019\/04\/kerf1.png\" alt=\"\" class=\"wp-image-614\" srcset=\"http:\/\/artangi.is\/wp-content\/uploads\/2019\/04\/kerf1.png 640w, http:\/\/artangi.is\/wp-content\/uploads\/2019\/04\/kerf1-300x225.png 300w\" sizes=\"(max-width: 640px) 100vw, 640px\" \/><\/a><\/figure><\/div>\n\n\n\n<h5 class=\"wp-block-heading\">Kerfill er\nupprunninn \u00e1 milli Svartahafs og Kaspiahafs og voru \u00fea\u00f0 R\u00f3mverjar sem dreif\u00f0u\nhonum um mest alla evr\u00f3pu. Kerfill \u00e1 mj\u00f6g au\u00f0velt uppvaxtar \u00ed g\u00f6r\u00f0um \u00e1 \u00cdslandi\n\u00ed g\u00f3\u00f0u skj\u00f3li. Kerfill er miki\u00f0 nota\u00f0ur \u00ed mat og lyf, g\u00f3\u00f0ur fyrir meltinguna og\nl\u00edka til a\u00f0 l\u00e6kka bl\u00f3\u00f0\u00fer\u00fdsting.<\/h5>\n\n\n\n<h5 class=\"wp-block-heading\">Plantan ver\u00f0ur 40-70 cm a\u00f0 h\u00e6\u00f0 me\u00f0 tenntum laufum sem geta veri\u00f0 krullu\u00f0. Bl\u00f3min eru 2,5-5 cm \u00ed \u00feverm\u00e1l. Kerfill er me\u00f0 mj\u00fakt lakkr\u00edsbrag\u00f0. <\/h5>\n\n\n\n<h5 class=\"wp-block-heading\">Kerfill er g\u00f3\u00f0ur \u00e1 fuglakj\u00f6t, sj\u00e1varfang, r\u00f3targr\u00e6nmeti, s\u00fapur og s\u00f3sur. <\/h5>\n","protected":false},"excerpt":{"rendered":"<p>Kerfill er upprunninn \u00e1 milli Svartahafs og Kaspiahafs og voru \u00fea\u00f0 R\u00f3mverjar sem dreif\u00f0u honum um mest alla evr\u00f3pu. Kerfill \u00e1 mj\u00f6g au\u00f0velt uppvaxtar \u00ed g\u00f6r\u00f0um \u00e1 \u00cdslandi \u00ed g\u00f3\u00f0u skj\u00f3li. Kerfill er miki\u00f0 nota\u00f0ur \u00ed mat og lyf, g\u00f3\u00f0ur fyrir meltinguna og l\u00edka til a\u00f0 l\u00e6kka bl\u00f3\u00f0\u00fer\u00fdsting. Plantan ver\u00f0ur 40-70 cm a\u00f0 h\u00e6\u00f0 me\u00f0 [&hellip;]<\/p>\n","protected":false},"author":1,"featured_media":0,"parent":350,"menu_order":0,"comment_status":"closed","ping_status":"closed","template":"","meta":{"_monsterinsights_skip_tracking":false,"_monsterinsights_sitenote_active":false,"_monsterinsights_sitenote_note":"","_monsterinsights_sitenote_category":0,"footnotes":""},"aioseo_notices":[],"_links":{"self":[{"href":"http:\/\/artangi.is\/index.php\/wp-json\/wp\/v2\/pages\/443"}],"collection":[{"href":"http:\/\/artangi.is\/index.php\/wp-json\/wp\/v2\/pages"}],"about":[{"href":"http:\/\/artangi.is\/index.php\/wp-json\/wp\/v2\/types\/page"}],"author":[{"embeddable":true,"href":"http:\/\/artangi.is\/index.php\/wp-json\/wp\/v2\/users\/1"}],"replies":[{"embeddable":true,"href":"http:\/\/artangi.is\/index.php\/wp-json\/wp\/v2\/comments?post=443"}],"version-history":[{"count":3,"href":"http:\/\/artangi.is\/index.php\/wp-json\/wp\/v2\/pages\/443\/revisions"}],"predecessor-version":[{"id":803,"href":"http:\/\/artangi.is\/index.php\/wp-json\/wp\/v2\/pages\/443\/revisions\/803"}],"up":[{"embeddable":true,"href":"http:\/\/artangi.is\/index.php\/wp-json\/wp\/v2\/pages\/350"}],"wp:attachment":[{"href":"http:\/\/artangi.is\/index.php\/wp-json\/wp\/v2\/media?parent=443"}],"curies":[{"name":"wp","href":"https:\/\/api.w.org\/{rel}","templated":true}]}}