{"id":462,"date":"2019-04-26T09:10:55","date_gmt":"2019-04-26T09:10:55","guid":{"rendered":"http:\/\/artangi.is\/?page_id=462"},"modified":"2019-05-20T12:57:25","modified_gmt":"2019-05-20T12:57:25","slug":"oregano","status":"publish","type":"page","link":"http:\/\/artangi.is\/index.php\/kryddjurtir\/oregano\/","title":{"rendered":"Oregan\u00f3"},"content":{"rendered":"\n<div class=\"wp-block-image\"><figure class=\"aligncenter\"><a href=\"http:\/\/artangi.is\/wp-content\/uploads\/2019\/04\/oregano4.png\" target=\"_blank\" rel=\"noreferrer noopener\"><img loading=\"lazy\" decoding=\"async\" width=\"640\" height=\"480\" src=\"http:\/\/artangi.is\/wp-content\/uploads\/2019\/05\/oregano5.png\" alt=\"\" class=\"wp-image-889\" srcset=\"http:\/\/artangi.is\/wp-content\/uploads\/2019\/05\/oregano5.png 640w, http:\/\/artangi.is\/wp-content\/uploads\/2019\/05\/oregano5-300x225.png 300w\" sizes=\"(max-width: 640px) 100vw, 640px\" \/><\/a><\/figure><\/div>\n\n\n\n<h5 class=\"wp-block-heading\">Oregan\u00f3 e\u00f0a Kjarrmynta\n\u00e1 uppruna sinn \u00ed vestur- og su\u00f0vestur Evr\u00f3pu allt a\u00f0 Mi\u00f0jar\u00f0arhafi. R\u00f3mverjar\npl\u00f6ntu\u00f0u oregan\u00f3 \u00e1 grafir \u00ed \u00feeirri tr\u00fa a\u00f0 plantan veitti hinum l\u00e1tnu gle\u00f0i.<\/h5>\n\n\n\n<h5 class=\"wp-block-heading\">Oregan\u00f3 er\ntv\u00ed\u00e6r jurt sem ver\u00f0ur 20-80 cm h\u00e1 me\u00f0 um 1-4 cm l\u00f6ng lauf sem standa m\u00f3t hvort\n\u00f6\u00f0ru. Bl\u00f6\u00f0in eru \u00f3livugr\u00e6n en bl\u00f3min eru fj\u00f3lubl\u00e1, 3-4mm \u00ed \u00feverm\u00e1l. Oregan\u00f3\n\u00feolir allnokkurn kulda en lifir ekki alltaf veturinn.<\/h5>\n\n\n\n<h5 class=\"wp-block-heading\">Oregan\u00f3 er a\u00f0\nmestu nota\u00f0 \u00ed \u00edtalskri matarger\u00f0 \u00ed pasta, \u00e1 pizzur, kj\u00f6tr\u00e9tti, fiskr\u00e9tti og\ngrilla\u00f0 gr\u00e6nmeti. \u00dea\u00f0 er gott \u00ed kryddol\u00edur og einnig nota\u00f0 \u00ed ilmv\u00f6tn.<\/h5>\n","protected":false},"excerpt":{"rendered":"<p>Oregan\u00f3 e\u00f0a Kjarrmynta \u00e1 uppruna sinn \u00ed vestur- og su\u00f0vestur Evr\u00f3pu allt a\u00f0 Mi\u00f0jar\u00f0arhafi. R\u00f3mverjar pl\u00f6ntu\u00f0u oregan\u00f3 \u00e1 grafir \u00ed \u00feeirri tr\u00fa a\u00f0 plantan veitti hinum l\u00e1tnu gle\u00f0i. Oregan\u00f3 er tv\u00ed\u00e6r jurt sem ver\u00f0ur 20-80 cm h\u00e1 me\u00f0 um 1-4 cm l\u00f6ng lauf sem standa m\u00f3t hvort \u00f6\u00f0ru. Bl\u00f6\u00f0in eru \u00f3livugr\u00e6n en bl\u00f3min eru fj\u00f3lubl\u00e1, [&hellip;]<\/p>\n","protected":false},"author":1,"featured_media":0,"parent":350,"menu_order":0,"comment_status":"closed","ping_status":"closed","template":"","meta":{"_monsterinsights_skip_tracking":false,"_monsterinsights_sitenote_active":false,"_monsterinsights_sitenote_note":"","_monsterinsights_sitenote_category":0,"footnotes":""},"aioseo_notices":[],"_links":{"self":[{"href":"http:\/\/artangi.is\/index.php\/wp-json\/wp\/v2\/pages\/462"}],"collection":[{"href":"http:\/\/artangi.is\/index.php\/wp-json\/wp\/v2\/pages"}],"about":[{"href":"http:\/\/artangi.is\/index.php\/wp-json\/wp\/v2\/types\/page"}],"author":[{"embeddable":true,"href":"http:\/\/artangi.is\/index.php\/wp-json\/wp\/v2\/users\/1"}],"replies":[{"embeddable":true,"href":"http:\/\/artangi.is\/index.php\/wp-json\/wp\/v2\/comments?post=462"}],"version-history":[{"count":4,"href":"http:\/\/artangi.is\/index.php\/wp-json\/wp\/v2\/pages\/462\/revisions"}],"predecessor-version":[{"id":890,"href":"http:\/\/artangi.is\/index.php\/wp-json\/wp\/v2\/pages\/462\/revisions\/890"}],"up":[{"embeddable":true,"href":"http:\/\/artangi.is\/index.php\/wp-json\/wp\/v2\/pages\/350"}],"wp:attachment":[{"href":"http:\/\/artangi.is\/index.php\/wp-json\/wp\/v2\/media?parent=462"}],"curies":[{"name":"wp","href":"https:\/\/api.w.org\/{rel}","templated":true}]}}