{"id":673,"date":"2019-05-01T08:51:05","date_gmt":"2019-05-01T08:51:05","guid":{"rendered":"http:\/\/artangi.is\/?page_id=673"},"modified":"2019-05-01T12:58:50","modified_gmt":"2019-05-01T12:58:50","slug":"mojito","status":"publish","type":"page","link":"http:\/\/artangi.is\/index.php\/mojito\/","title":{"rendered":"Mojito"},"content":{"rendered":"\n<div class=\"wp-block-image\"><figure class=\"aligncenter\"><a href=\"http:\/\/artangi.is\/wp-content\/uploads\/2019\/05\/mojito.jpg\" target=\"_blank\" rel=\"noreferrer noopener\"><img loading=\"lazy\" decoding=\"async\" width=\"440\" height=\"660\" src=\"http:\/\/artangi.is\/wp-content\/uploads\/2019\/05\/mojito.jpg\" alt=\"\" class=\"wp-image-674\" srcset=\"http:\/\/artangi.is\/wp-content\/uploads\/2019\/05\/mojito.jpg 440w, http:\/\/artangi.is\/wp-content\/uploads\/2019\/05\/mojito-200x300.jpg 200w\" sizes=\"(max-width: 440px) 100vw, 440px\" \/><\/a><\/figure><\/div>\n\n\n\n<p style=\"font-size:18px\">3 b\u00e1tar lime,<br>1 teskei\u00f0 hr\u00e1sykur, <br>l\u00fakufylli <a href=\"http:\/\/artangi.is\/index.php\/kryddjurtir\/mynta\/\">myntulauf<\/a> <br><br>\u00feetta er svo mari\u00f0 saman n\u00e6st er fyllt glasi\u00f0 me\u00f0 klakamulningi og <br>3cl af rommi hellt yfir klakann og fyllt upp me\u00f0 7up e\u00f0a s\u00f3davatni. <br>\u00ed lokinn er svo hr\u00e6tt \u00f6llu saman me\u00f0 skei\u00f0 og passa a\u00f0 fara alveg \u00ed botninn til a\u00f0 limei\u00f0 og sykurinn blandast vel vi\u00f0<\/p>\n","protected":false},"excerpt":{"rendered":"<p>3 b\u00e1tar lime,1 teskei\u00f0 hr\u00e1sykur, l\u00fakufylli myntulauf \u00feetta er svo mari\u00f0 saman n\u00e6st er fyllt glasi\u00f0 me\u00f0 klakamulningi og 3cl af rommi hellt yfir klakann og fyllt upp me\u00f0 7up e\u00f0a s\u00f3davatni. \u00ed lokinn er svo hr\u00e6tt \u00f6llu saman me\u00f0 skei\u00f0 og passa a\u00f0 fara alveg \u00ed botninn til a\u00f0 limei\u00f0 og sykurinn blandast vel [&hellip;]<\/p>\n","protected":false},"author":1,"featured_media":0,"parent":0,"menu_order":0,"comment_status":"closed","ping_status":"closed","template":"","meta":{"_monsterinsights_skip_tracking":false,"_monsterinsights_sitenote_active":false,"_monsterinsights_sitenote_note":"","_monsterinsights_sitenote_category":0,"footnotes":""},"aioseo_notices":[],"_links":{"self":[{"href":"http:\/\/artangi.is\/index.php\/wp-json\/wp\/v2\/pages\/673"}],"collection":[{"href":"http:\/\/artangi.is\/index.php\/wp-json\/wp\/v2\/pages"}],"about":[{"href":"http:\/\/artangi.is\/index.php\/wp-json\/wp\/v2\/types\/page"}],"author":[{"embeddable":true,"href":"http:\/\/artangi.is\/index.php\/wp-json\/wp\/v2\/users\/1"}],"replies":[{"embeddable":true,"href":"http:\/\/artangi.is\/index.php\/wp-json\/wp\/v2\/comments?post=673"}],"version-history":[{"count":3,"href":"http:\/\/artangi.is\/index.php\/wp-json\/wp\/v2\/pages\/673\/revisions"}],"predecessor-version":[{"id":823,"href":"http:\/\/artangi.is\/index.php\/wp-json\/wp\/v2\/pages\/673\/revisions\/823"}],"wp:attachment":[{"href":"http:\/\/artangi.is\/index.php\/wp-json\/wp\/v2\/media?parent=673"}],"curies":[{"name":"wp","href":"https:\/\/api.w.org\/{rel}","templated":true}]}}