{"id":731,"date":"2019-05-01T11:27:25","date_gmt":"2019-05-01T11:27:25","guid":{"rendered":"http:\/\/artangi.is\/?page_id=731"},"modified":"2019-05-01T12:41:16","modified_gmt":"2019-05-01T12:41:16","slug":"pesto","status":"publish","type":"page","link":"http:\/\/artangi.is\/index.php\/pesto\/","title":{"rendered":"Pest\u00f3"},"content":{"rendered":"\n<div class=\"wp-block-image\"><figure class=\"aligncenter\"><a href=\"http:\/\/artangi.is\/wp-content\/uploads\/2019\/05\/pesto.png\" target=\"_blank\" rel=\"noreferrer noopener\"><img loading=\"lazy\" decoding=\"async\" width=\"480\" height=\"640\" src=\"http:\/\/artangi.is\/wp-content\/uploads\/2019\/05\/pesto.png\" alt=\"\" class=\"wp-image-732\" srcset=\"http:\/\/artangi.is\/wp-content\/uploads\/2019\/05\/pesto.png 480w, http:\/\/artangi.is\/wp-content\/uploads\/2019\/05\/pesto-225x300.png 225w\" sizes=\"(max-width: 480px) 100vw, 480px\" \/><\/a><\/figure><\/div>\n\n\n\n<p style=\"font-size:18px\">80 gr <a href=\"http:\/\/artangi.is\/index.php\/kryddjurtir\/basilika\/\">basilika<\/a><br>50 gr furuhnetur<br>50 gr parmesan ostur<br>2 hv\u00edtlauksrif<br>Ca 150ml \u00f3l\u00edfuol\u00eda<br>Salt \u2013 pipar<br><br>Br\u00fani\u00f0 furuhneturnar \u00e1 snarpheitri p\u00f6nnu \u00fear til \u00fe\u00e6r eru gullinbr\u00fanar, k\u00e6li\u00f0.<br>Setji\u00f0 basil, ost, hv\u00edtlauksrif og ol\u00edu \u00ed matvinnsluv\u00e9l. Vinni\u00f0 \u00fear til blandan er mj\u00fak og falleg.<br>Kryddi\u00f0 eftir smekk <\/p>\n","protected":false},"excerpt":{"rendered":"<p>80 gr basilika50 gr furuhnetur50 gr parmesan ostur2 hv\u00edtlauksrifCa 150ml \u00f3l\u00edfuol\u00edaSalt \u2013 pipar Br\u00fani\u00f0 furuhneturnar \u00e1 snarpheitri p\u00f6nnu \u00fear til \u00fe\u00e6r eru gullinbr\u00fanar, k\u00e6li\u00f0.Setji\u00f0 basil, ost, hv\u00edtlauksrif og ol\u00edu \u00ed matvinnsluv\u00e9l. Vinni\u00f0 \u00fear til blandan er mj\u00fak og falleg.Kryddi\u00f0 eftir smekk<\/p>\n","protected":false},"author":1,"featured_media":0,"parent":0,"menu_order":0,"comment_status":"closed","ping_status":"closed","template":"","meta":{"_monsterinsights_skip_tracking":false,"_monsterinsights_sitenote_active":false,"_monsterinsights_sitenote_note":"","_monsterinsights_sitenote_category":0,"footnotes":""},"aioseo_notices":[],"_links":{"self":[{"href":"http:\/\/artangi.is\/index.php\/wp-json\/wp\/v2\/pages\/731"}],"collection":[{"href":"http:\/\/artangi.is\/index.php\/wp-json\/wp\/v2\/pages"}],"about":[{"href":"http:\/\/artangi.is\/index.php\/wp-json\/wp\/v2\/types\/page"}],"author":[{"embeddable":true,"href":"http:\/\/artangi.is\/index.php\/wp-json\/wp\/v2\/users\/1"}],"replies":[{"embeddable":true,"href":"http:\/\/artangi.is\/index.php\/wp-json\/wp\/v2\/comments?post=731"}],"version-history":[{"count":6,"href":"http:\/\/artangi.is\/index.php\/wp-json\/wp\/v2\/pages\/731\/revisions"}],"predecessor-version":[{"id":788,"href":"http:\/\/artangi.is\/index.php\/wp-json\/wp\/v2\/pages\/731\/revisions\/788"}],"wp:attachment":[{"href":"http:\/\/artangi.is\/index.php\/wp-json\/wp\/v2\/media?parent=731"}],"curies":[{"name":"wp","href":"https:\/\/api.w.org\/{rel}","templated":true}]}}