{"id":339,"date":"2019-04-01T15:26:32","date_gmt":"2019-04-01T15:26:32","guid":{"rendered":"http:\/\/artangi.is\/?page_id=339"},"modified":"2019-05-01T13:14:33","modified_gmt":"2019-05-01T13:14:33","slug":"um-okkur","status":"publish","type":"page","link":"https:\/\/artangi.is\/index.php\/um-okkur\/","title":{"rendered":"Um okkur"},"content":{"rendered":"\n<div class=\"wp-block-image\"><figure class=\"aligncenter\"><a href=\"http:\/\/artangi.is\/wp-content\/uploads\/2019\/04\/heima3.png\" target=\"_blank\" rel=\"noreferrer noopener\"><img loading=\"lazy\" decoding=\"async\" width=\"1024\" height=\"420\" src=\"http:\/\/artangi.is\/wp-content\/uploads\/2019\/04\/heima3-1024x420.png\" alt=\"\" class=\"wp-image-541\" srcset=\"https:\/\/artangi.is\/wp-content\/uploads\/2019\/04\/heima3.png 1024w, https:\/\/artangi.is\/wp-content\/uploads\/2019\/04\/heima3-300x123.png 300w, https:\/\/artangi.is\/wp-content\/uploads\/2019\/04\/heima3-768x315.png 768w\" sizes=\"(max-width: 1024px) 100vw, 1024px\" \/><\/a><\/figure><\/div>\n\n\n\n<h4 class=\"wp-block-heading\">Gr\u00f3\u00f0rarst\u00f6\u00f0in \u00c1rtangi er stofnu\u00f0 \u00e1ri\u00f0 1986 af okkur hj\u00f3nunum Sigurd\u00edsi Eddu\nJ\u00f3hannesd\u00f3ttur og Gunnari \u00deorgeirssyni. \u00de\u00e1 vorum vi\u00f0 n\u00fdkomin heim fr\u00e1 Danm\u00f6rku\n\u00fear sem vi\u00f0 h\u00f6f\u00f0um unni\u00f0 vi\u00f0 gar\u00f0yrkju \u00e1 nokkrum st\u00f6\u00f0vum og Gunnar haf\u00f0i\nstunda\u00f0 n\u00e1m \u00ed Gartnerskolen i S\u00f8hus.&nbsp;\n\u00deegar heim kom byrju\u00f0um vi\u00f0 \u00e1 \u00fev\u00ed a\u00f0 byggja eitt 200 m<sup>2<\/sup>\nplasth\u00fas og r\u00e6ktu\u00f0um \u00fear pottapl\u00f6ntur (stofubl\u00f3m). Vi\u00f0 st\u00e6kku\u00f0um s\u00ed\u00f0an og\nbygg\u00f0um vi\u00f0 og fj\u00f6lgu\u00f0um f\u00f3lki, b\u00e6ttum vi\u00f0 sumarbl\u00f3mum og laukbl\u00f3mum til a\u00f0\nn\u00fdta h\u00fasakostinn allt \u00e1ri\u00f0 um kring. Allt gekk \u00feokkalega fram a\u00f0 hruni. <\/h4>\n\n\n\n<h4 class=\"wp-block-heading\">\u00c1ri\u00f0 2013 haf\u00f0i pottapl\u00f6ntusalan dregist svo miki\u00f0 saman a\u00f0 vi\u00f0 ur\u00f0um a\u00f0\nbreyta til. Vi\u00f0 h\u00e6ttum n\u00e1nast alveg me\u00f0 pottapl\u00f6nturnar og pr\u00f3fu\u00f0um a\u00f0 r\u00e6kta\nkryddjurtir \u00ed pottum. Fyrstu kryddjurtirnar f\u00f3ru \u00e1 marka\u00f0 fyrir j\u00f3lin 2013 og\nvi\u00f0t\u00f6kurnar hafa veri\u00f0 fr\u00e1b\u00e6rar.&nbsp; N\u00fa\nstarfa \u00e1 bilinu 7-10 manns \u00ed um 3000 m<sup>2&nbsp;\n<\/sup>r\u00e6ktunarr\u00fdmi sem b\u00e6\u00f0i eru gr\u00f3\u00f0urh\u00fas og k\u00e6lar. \u00dear framlei\u00f0um vi\u00f0\nn\u00fana kryddpl\u00f6ntur allan \u00e1rsins hring. \u00c1 vorin erum vi\u00f0 enn me\u00f0 sumarbl\u00f3m, en\nlaukbl\u00f3m yfir veturinn.&nbsp; \u00dear eru\nt\u00falipanar langst\u00e6rsta s\u00f6lueiningin me\u00f0 tugum lita og afbrig\u00f0a. Vi\u00f0 seljum\nkryddjurtirnar \u00ed S\u00f6luf\u00e9lag gar\u00f0yrkjumanna, sem dreifa \u00feeim svo fyrir okkur \u00ed\ndagv\u00f6ruverslanir. T\u00falipanana og sumarbl\u00f3min seljum vi\u00f0 \u00ed Gr\u00e6nan marka\u00f0 sem\ndreifir fyrir okkur \u00ed bl\u00f3mab\u00fa\u00f0ir. \u00c1 sumrin erum vi\u00f0 l\u00edka me\u00f0 heimas\u00f6lu og f\u00f3lk\nsem \u00e1 lei\u00f0 um getur stoppa\u00f0 og keypt hj\u00e1 okkur kryddjurtir og bl\u00f3m.<\/h4>\n\n\n\n<h4 class=\"wp-block-heading\">&nbsp;\u00c1rtangi er vistv\u00e6n st\u00f6\u00f0, \u00fe\u00f3 ekki s\u00e9um vi\u00f0 me\u00f0 neina vottun um sl\u00edkt. Vi\u00f0 endurn\u00fdtum \u00e1bur\u00f0, vatn og mold og notum <a href=\"http:\/\/artangi.is\/index.php\/lifraenar-varnir\/\">l\u00edfr\u00e6nar varnir<\/a>. <\/h4>\n\n\n\n<h4 class=\"wp-block-heading\">Vi\u00f0 l\u00edtum bj\u00f6rtum augum til framt\u00ed\u00f0arinnar og leggjum mikla \u00e1herslu \u00e1 a\u00f0\nkoma auga \u00e1 n\u00fd t\u00e6kif\u00e6ri og n\u00fdta \u00feau eins og bestur er kostur.<\/h4>\n","protected":false},"excerpt":{"rendered":"<p>Gr\u00f3\u00f0rarst\u00f6\u00f0in \u00c1rtangi er stofnu\u00f0 \u00e1ri\u00f0 1986 af okkur hj\u00f3nunum Sigurd\u00edsi Eddu J\u00f3hannesd\u00f3ttur og Gunnari \u00deorgeirssyni. \u00de\u00e1 vorum vi\u00f0 n\u00fdkomin heim fr\u00e1 Danm\u00f6rku \u00fear sem vi\u00f0 h\u00f6f\u00f0um unni\u00f0 vi\u00f0 gar\u00f0yrkju \u00e1 nokkrum st\u00f6\u00f0vum og Gunnar haf\u00f0i stunda\u00f0 n\u00e1m \u00ed Gartnerskolen i S\u00f8hus.&nbsp; \u00deegar heim kom byrju\u00f0um vi\u00f0 \u00e1 \u00fev\u00ed a\u00f0 byggja eitt 200 m2 plasth\u00fas og [&hellip;]<\/p>\n","protected":false},"author":1,"featured_media":0,"parent":0,"menu_order":0,"comment_status":"closed","ping_status":"closed","template":"","meta":{"_monsterinsights_skip_tracking":false,"_monsterinsights_sitenote_active":false,"_monsterinsights_sitenote_note":"","_monsterinsights_sitenote_category":0,"footnotes":""},"aioseo_notices":[],"_links":{"self":[{"href":"https:\/\/artangi.is\/index.php\/wp-json\/wp\/v2\/pages\/339"}],"collection":[{"href":"https:\/\/artangi.is\/index.php\/wp-json\/wp\/v2\/pages"}],"about":[{"href":"https:\/\/artangi.is\/index.php\/wp-json\/wp\/v2\/types\/page"}],"author":[{"embeddable":true,"href":"https:\/\/artangi.is\/index.php\/wp-json\/wp\/v2\/users\/1"}],"replies":[{"embeddable":true,"href":"https:\/\/artangi.is\/index.php\/wp-json\/wp\/v2\/comments?post=339"}],"version-history":[{"count":6,"href":"https:\/\/artangi.is\/index.php\/wp-json\/wp\/v2\/pages\/339\/revisions"}],"predecessor-version":[{"id":827,"href":"https:\/\/artangi.is\/index.php\/wp-json\/wp\/v2\/pages\/339\/revisions\/827"}],"wp:attachment":[{"href":"https:\/\/artangi.is\/index.php\/wp-json\/wp\/v2\/media?parent=339"}],"curies":[{"name":"wp","href":"https:\/\/api.w.org\/{rel}","templated":true}]}}