{"id":348,"date":"2019-04-01T15:37:32","date_gmt":"2019-04-01T15:37:32","guid":{"rendered":"http:\/\/artangi.is\/?page_id=348"},"modified":"2019-05-01T12:45:06","modified_gmt":"2019-05-01T12:45:06","slug":"basilika","status":"publish","type":"page","link":"https:\/\/artangi.is\/index.php\/kryddjurtir\/basilika\/","title":{"rendered":"Basilika"},"content":{"rendered":"\n<div class=\"wp-block-image\"><figure class=\"aligncenter\"><a href=\"http:\/\/artangi.is\/wp-content\/uploads\/2019\/05\/basil.png\" target=\"_blank\" rel=\"noreferrer noopener\"><img loading=\"lazy\" decoding=\"async\" width=\"450\" height=\"280\" src=\"http:\/\/artangi.is\/wp-content\/uploads\/2019\/05\/basil.png\" alt=\"\" class=\"wp-image-670\" srcset=\"https:\/\/artangi.is\/wp-content\/uploads\/2019\/05\/basil.png 450w, https:\/\/artangi.is\/wp-content\/uploads\/2019\/05\/basil-300x187.png 300w\" sizes=\"(max-width: 450px) 100vw, 450px\" \/><\/a><\/figure><\/div>\n\n\n\n<h5 class=\"wp-block-heading\">Uppruni\nbasiliku er \u00e1 Indlandi \u00fear sem afbrig\u00f0i hennar kallast tulsi og tengist Visn\u00fa,\neinum af \u00feremur megingu\u00f0um hind\u00faatr\u00faar. Forn-Egyptar notu\u00f0u pl\u00f6ntuna til forna\nen Grikkir og R\u00f3mverjar tengdu hana dau\u00f0a og sorg. \u00c1 Kr\u00edt var basil\u00edka t\u00e1kn um \u00e1st\n\u00ed meinum.<\/h5>\n\n\n\n<h5 class=\"wp-block-heading\">Basilika er ein\u00e6r planta sem n\u00e6r allt a\u00f0 60 cm h\u00e6\u00f0. Bl\u00f6\u00f0in eru egglaga og safar\u00edk og eru u.\u00fe.b. 3-11 cm l\u00f6ng og 1-6 cm brei\u00f0. Basilika \u00feolir illa kulda og vind og \u00fev\u00ed best a\u00f0 r\u00e6kta hana innandyra \u00e1 \u00cdslandi. Basilika er \u00e1g\u00e6t vi\u00f0 kvefi, h\u00f6fu\u00f0verk og sem flugnaf\u00e6la en er eftirs\u00f3tt af flestum tegundum bla\u00f0l\u00fasa. <\/h5>\n\n\n\n<h5 class=\"wp-block-heading\">Basilikan er g\u00f3\u00f0 me\u00f0 osti og t\u00f3m\u00f6tum, \u00ed pest\u00f3, \u00ed salati\u00f0, \u00ed pottr\u00e9ttinn og eftirr\u00e9ttinn. H\u00fan \u00feolir illa su\u00f0u og \u00fev\u00ed gjarnan sett \u00ed r\u00e9tti r\u00e9tt \u00e1\u00f0ur en \u00feeir eru bornir fram til a\u00f0 vi\u00f0halda brag\u00f0inu. Basilika \u00fearf mikla birtu og hita og skal \u00e6t\u00ed\u00f0 v\u00f6kvast \u00ed sk\u00e1lina (undirv\u00f6kva) einusinni \u00e1 dag og \u00fe\u00e1 gjarnan me\u00f0 \u00e1bur\u00f0i. <\/h5>\n\n\n\n<p> <br><a rel=\"noreferrer noopener\" target=\"_blank\" href=\"http:\/\/artangi.is\/index.php\/balsam-plomutomatar-med-tagliatelle\/\">balsam-plomutomatar-med-tagliatelle<\/a><br><a rel=\"noreferrer noopener\" target=\"_blank\" href=\"http:\/\/artangi.is\/index.php\/basil-dressing\/\">basil-dressing<\/a> <br><a rel=\"noreferrer noopener\" target=\"_blank\" href=\"http:\/\/artangi.is\/index.php\/pesto\/\">pesto<\/a><\/p>\n","protected":false},"excerpt":{"rendered":"<p>Uppruni basiliku er \u00e1 Indlandi \u00fear sem afbrig\u00f0i hennar kallast tulsi og tengist Visn\u00fa, einum af \u00feremur megingu\u00f0um hind\u00faatr\u00faar. Forn-Egyptar notu\u00f0u pl\u00f6ntuna til forna en Grikkir og R\u00f3mverjar tengdu hana dau\u00f0a og sorg. \u00c1 Kr\u00edt var basil\u00edka t\u00e1kn um \u00e1st \u00ed meinum. Basilika er ein\u00e6r planta sem n\u00e6r allt a\u00f0 60 cm h\u00e6\u00f0. Bl\u00f6\u00f0in eru [&hellip;]<\/p>\n","protected":false},"author":1,"featured_media":0,"parent":350,"menu_order":0,"comment_status":"closed","ping_status":"closed","template":"","meta":{"_monsterinsights_skip_tracking":false,"_monsterinsights_sitenote_active":false,"_monsterinsights_sitenote_note":"","_monsterinsights_sitenote_category":0,"footnotes":""},"aioseo_notices":[],"_links":{"self":[{"href":"https:\/\/artangi.is\/index.php\/wp-json\/wp\/v2\/pages\/348"}],"collection":[{"href":"https:\/\/artangi.is\/index.php\/wp-json\/wp\/v2\/pages"}],"about":[{"href":"https:\/\/artangi.is\/index.php\/wp-json\/wp\/v2\/types\/page"}],"author":[{"embeddable":true,"href":"https:\/\/artangi.is\/index.php\/wp-json\/wp\/v2\/users\/1"}],"replies":[{"embeddable":true,"href":"https:\/\/artangi.is\/index.php\/wp-json\/wp\/v2\/comments?post=348"}],"version-history":[{"count":26,"href":"https:\/\/artangi.is\/index.php\/wp-json\/wp\/v2\/pages\/348\/revisions"}],"predecessor-version":[{"id":796,"href":"https:\/\/artangi.is\/index.php\/wp-json\/wp\/v2\/pages\/348\/revisions\/796"}],"up":[{"embeddable":true,"href":"https:\/\/artangi.is\/index.php\/wp-json\/wp\/v2\/pages\/350"}],"wp:attachment":[{"href":"https:\/\/artangi.is\/index.php\/wp-json\/wp\/v2\/media?parent=348"}],"curies":[{"name":"wp","href":"https:\/\/api.w.org\/{rel}","templated":true}]}}