{"id":350,"date":"2019-04-01T15:37:51","date_gmt":"2019-04-01T15:37:51","guid":{"rendered":"http:\/\/artangi.is\/?page_id=350"},"modified":"2019-05-01T12:44:50","modified_gmt":"2019-05-01T12:44:50","slug":"kryddjurtir","status":"publish","type":"page","link":"https:\/\/artangi.is\/index.php\/kryddjurtir\/","title":{"rendered":"Kryddjurtir"},"content":{"rendered":"\n<div class=\"wp-block-image\"><figure class=\"aligncenter\"><a href=\"http:\/\/artangi.is\/wp-content\/uploads\/2019\/04\/kryddjurtir1.png\" target=\"_blank\" rel=\"noreferrer noopener\"><img loading=\"lazy\" decoding=\"async\" width=\"640\" height=\"480\" src=\"http:\/\/artangi.is\/wp-content\/uploads\/2019\/04\/kryddjurtir1.png\" alt=\"\" class=\"wp-image-558\" srcset=\"https:\/\/artangi.is\/wp-content\/uploads\/2019\/04\/kryddjurtir1.png 640w, https:\/\/artangi.is\/wp-content\/uploads\/2019\/04\/kryddjurtir1-300x225.png 300w\" sizes=\"(max-width: 640px) 100vw, 640px\" \/><\/a><\/figure><\/div>\n\n\n\n<h5 class=\"wp-block-heading\" style=\"text-align:left\">Notkun ferskra kryddjurta \u00e1 s\u00e9r ekki mj\u00f6g langa s\u00f6gu \u00e1 \u00cdslandi. \u00deessvegna\nkann f\u00f3lk almennt ekki miki\u00f0 \u00e1 \u00fe\u00e6r. <\/h5>\n\n\n\n<h5 class=\"wp-block-heading\" style=\"text-align:left\">\u00c1rtangapl\u00f6ntur eru \u00ed pottum svo \u00fe\u00e6r s\u00e9u sem ferskastar \u00feegar \u00fe\u00fa fer\u00f0 me\u00f0\n\u00fe\u00e6r heim. \u00c1 me\u00f0an \u00fe\u00e6r eru \u00ed pottinum fer best um \u00fe\u00e6r vi\u00f0 stofuhita. Ef \u00fe\u00fa\nklippir \u00fe\u00e6r ni\u00f0ur um lei\u00f0 og \u00fe\u00fa kemur heim geymast \u00fe\u00e6r \u00ed k\u00e6li, utan basilikan,\nh\u00fan \u00feolir aldrei undir 10\u00b0 \u00fe\u00e1 ver\u00f0ur h\u00fan flj\u00f3tt sv\u00f6rt og lj\u00f3t.\n\u00c1rtangakryddpl\u00f6ntur eru ungar og \u00fev\u00ed getur\u00f0u n\u00fdtt alla pl\u00f6ntuna og&nbsp; \u00fearft \u00ed f\u00e6stum tilvikum a\u00f0 taka stilkinn fr\u00e1.\nGott er a\u00f0 nota hana flj\u00f3tt og vel. Vi\u00f0 framhaldsr\u00e6ktun er nau\u00f0synlegt a\u00f0 potta\nhenni upp og gefa henni n\u00e6ringu og miki\u00f0 lj\u00f3s til a\u00f0 vi\u00f0halda brag\u00f0g\u00e6\u00f0um.\n\nEf svo \u00f3heppilega vill til a\u00f0 plantan \u00fe\u00edn \u00feornar, ekki henda henni.\nKlipptu hana af r\u00f3tinni og legg\u00f0u \u00e1 papp\u00edr og \u00feurrka\u00f0u hana alveg. H\u00fan&nbsp; er bara or\u00f0in a\u00f0 \u00feurrka\u00f0ri kryddjurt og\nbrag\u00f0i\u00f0 er \u00fea\u00f0 sama. Sagt er a\u00f0 ma\u00f0ur geti aldrei nota\u00f0 of miki\u00f0 af\nkryddjurtum, bara of l\u00edti\u00f0. Ef \u00fe\u00fa setur bara sm\u00e1 er \u00fea\u00f0 bara liturinn sem\nbreytist ekki brag\u00f0i\u00f0.\n\n\n\n<\/h5>\n\n\n\n<h5 class=\"wp-block-heading\" style=\"text-align:left\">\u00deetta eru kryddjurtirnar sem vi\u00f0 framlei\u00f0um<\/h5>\n\n\n\n<div class=\"wp-block-columns has-2-columns is-layout-flex wp-container-core-columns-is-layout-1 wp-block-columns-is-layout-flex\">\n<div class=\"wp-block-column is-layout-flow wp-block-column-is-layout-flow\">\n<ul><li><a href=\"http:\/\/artangi.is\/index.php\/basilika\/\"><strong>Basilika<\/strong><\/a><ul><li><a href=\"http:\/\/artangi.is\/index.php\/dverg-basilika\/\"><strong>Dverg basilika<\/strong><\/a><\/li><li><a href=\"http:\/\/artangi.is\/index.php\/raud-basilika\/\"><strong>Rau\u00f0 basilika<\/strong><\/a><\/li><\/ul><\/li><li><a href=\"http:\/\/artangi.is\/index.php\/baunir\/\"><strong>Baunir<\/strong><\/a><strong> &nbsp;<\/strong><\/li><li><a href=\"http:\/\/artangi.is\/index.php\/dill\/\"><strong>Dill<\/strong><\/a><\/li><li><a href=\"http:\/\/artangi.is\/index.php\/estragon\/\"><strong>Estragon<\/strong><\/a><\/li><li><a href=\"http:\/\/artangi.is\/index.php\/graslaukur\/\"><strong>Graslaukur<\/strong><\/a><\/li><li><strong>Karsi<\/strong><ul><li><a href=\"http:\/\/artangi.is\/index.php\/griskur-karsi\/\"><strong>Gr\u00edskur karsi<\/strong><\/a><\/li><li><a href=\"http:\/\/artangi.is\/index.php\/vatnakarsi\/\"><strong>Vatnakarsi<\/strong><\/a><\/li><\/ul><\/li><li><a href=\"http:\/\/artangi.is\/index.php\/kerfill\/\"><strong>Kerfill<\/strong><\/a><\/li><li><a href=\"http:\/\/artangi.is\/index.php\/klettasalat\/\"><strong>Klettasalat<\/strong><\/a><\/li><li><a href=\"http:\/\/artangi.is\/index.php\/koriander\/\"><strong>K\u00f3riander<\/strong><\/a><\/li><li><strong><a href=\"http:\/\/artangi.is\/index.php\/mynta\/\">Mynta<\/a><\/strong><\/li><li><strong><a href=\"http:\/\/artangi.is\/index.php\/oregano\/\">Oregan\u00f3<\/a><\/strong><\/li><\/ul>\n<\/div>\n\n\n\n<div class=\"wp-block-column is-layout-flow wp-block-column-is-layout-flow\">\n<ul><li><strong><a href=\"http:\/\/artangi.is\/index.php\/rosmarin\/\">R\u00f3smar\u00edn<\/a><\/strong><\/li><li><strong><a href=\"http:\/\/artangi.is\/index.php\/salatsellery\/\">Salatseller\u00fd &nbsp;<\/a><\/strong><\/li><li><strong><a href=\"http:\/\/artangi.is\/index.php\/salvia\/\">Salv\u00eda <\/a><\/strong><\/li><li><strong><a href=\"http:\/\/artangi.is\/index.php\/sinnepskal\/\">Sinnepsk\u00e1l&nbsp;&nbsp;<\/a>&nbsp;&nbsp;&nbsp;<\/strong><\/li><li><strong><a href=\"http:\/\/artangi.is\/index.php\/sitronumelissa\/\">S\u00edtr\u00f3numelissa <\/a><\/strong><\/li><li><strong><a href=\"http:\/\/artangi.is\/index.php\/sitronuverbena\/\">S\u00edtr\u00f3nuverbena <\/a><\/strong><\/li><li><strong><a href=\"http:\/\/artangi.is\/index.php\/spinat\/\">Sp\u00ednat&nbsp;<\/a> <\/strong><\/li><li><strong><a href=\"http:\/\/artangi.is\/index.php\/steinselja-2\/\">Steinselja<\/a><\/strong><\/li><li><strong>S\u00farur <\/strong><ul><li><strong><a href=\"http:\/\/artangi.is\/index.php\/graen-sura\/\">Gr\u00e6n s\u00fara&nbsp;&nbsp;<\/a>&nbsp;<\/strong><\/li><li><strong><a href=\"http:\/\/artangi.is\/index.php\/raud-sura\/\">Rau\u00f0 s\u00fara<\/a> <\/strong><\/li><li><strong><a href=\"http:\/\/artangi.is\/index.php\/skogsura\/\">Sk\u00f3gs\u00fara<\/a><\/strong><\/li><\/ul><\/li><li><strong><a href=\"http:\/\/artangi.is\/index.php\/timian\/\">Tim\u00edan<\/a><\/strong><ul><li><strong><a href=\"http:\/\/artangi.is\/index.php\/sitronu-timian\/\">S\u00edtr\u00f3nu timian<\/a><\/strong><\/li><\/ul><\/li><\/ul>\n<\/div>\n<\/div>\n","protected":false},"excerpt":{"rendered":"<p>Notkun ferskra kryddjurta \u00e1 s\u00e9r ekki mj\u00f6g langa s\u00f6gu \u00e1 \u00cdslandi. \u00deessvegna kann f\u00f3lk almennt ekki miki\u00f0 \u00e1 \u00fe\u00e6r. \u00c1rtangapl\u00f6ntur eru \u00ed pottum svo \u00fe\u00e6r s\u00e9u sem ferskastar \u00feegar \u00fe\u00fa fer\u00f0 me\u00f0 \u00fe\u00e6r heim. \u00c1 me\u00f0an \u00fe\u00e6r eru \u00ed pottinum fer best um \u00fe\u00e6r vi\u00f0 stofuhita. Ef \u00fe\u00fa klippir \u00fe\u00e6r ni\u00f0ur um lei\u00f0 og \u00fe\u00fa [&hellip;]<\/p>\n","protected":false},"author":1,"featured_media":0,"parent":0,"menu_order":0,"comment_status":"closed","ping_status":"closed","template":"","meta":{"_monsterinsights_skip_tracking":false,"_monsterinsights_sitenote_active":false,"_monsterinsights_sitenote_note":"","_monsterinsights_sitenote_category":0,"footnotes":""},"aioseo_notices":[],"_links":{"self":[{"href":"https:\/\/artangi.is\/index.php\/wp-json\/wp\/v2\/pages\/350"}],"collection":[{"href":"https:\/\/artangi.is\/index.php\/wp-json\/wp\/v2\/pages"}],"about":[{"href":"https:\/\/artangi.is\/index.php\/wp-json\/wp\/v2\/types\/page"}],"author":[{"embeddable":true,"href":"https:\/\/artangi.is\/index.php\/wp-json\/wp\/v2\/users\/1"}],"replies":[{"embeddable":true,"href":"https:\/\/artangi.is\/index.php\/wp-json\/wp\/v2\/comments?post=350"}],"version-history":[{"count":45,"href":"https:\/\/artangi.is\/index.php\/wp-json\/wp\/v2\/pages\/350\/revisions"}],"predecessor-version":[{"id":795,"href":"https:\/\/artangi.is\/index.php\/wp-json\/wp\/v2\/pages\/350\/revisions\/795"}],"wp:attachment":[{"href":"https:\/\/artangi.is\/index.php\/wp-json\/wp\/v2\/media?parent=350"}],"curies":[{"name":"wp","href":"https:\/\/api.w.org\/{rel}","templated":true}]}}