{"id":418,"date":"2019-04-25T16:58:54","date_gmt":"2019-04-25T16:58:54","guid":{"rendered":"http:\/\/artangi.is\/?page_id=418"},"modified":"2019-05-01T12:45:38","modified_gmt":"2019-05-01T12:45:38","slug":"raud-basilika","status":"publish","type":"page","link":"https:\/\/artangi.is\/index.php\/kryddjurtir\/basilika\/raud-basilika\/","title":{"rendered":"Rau\u00f0 basilika"},"content":{"rendered":"\n<div class=\"wp-block-image\"><figure class=\"aligncenter\"><a href=\"http:\/\/artangi.is\/wp-content\/uploads\/2019\/04\/islraud_basilika2.png\" target=\"_blank\" rel=\"noreferrer noopener\"><img loading=\"lazy\" decoding=\"async\" width=\"480\" height=\"640\" src=\"http:\/\/artangi.is\/wp-content\/uploads\/2019\/04\/islraud_basilika2.png\" alt=\"\" class=\"wp-image-552\" srcset=\"https:\/\/artangi.is\/wp-content\/uploads\/2019\/04\/islraud_basilika2.png 480w, https:\/\/artangi.is\/wp-content\/uploads\/2019\/04\/islraud_basilika2-225x300.png 225w\" sizes=\"(max-width: 480px) 100vw, 480px\" \/><\/a><\/figure><\/div>\n\n\n\n<h5 class=\"wp-block-heading\">L\u00edka k\u00f6llu\u00f0 Dark opal basil. H\u00fan er framr\u00e6kta\u00f0 afbrig\u00f0i af venjulegu basilikunni og kom fyrst fram \u00e1ri\u00f0 1950 \u00ed USA. Bl\u00f6\u00f0 hennar eru egglaga og safar\u00edk en \u00f6rl\u00edti\u00f0 \u00feynnri en \u00e1 venjulegri basiliku. H\u00fan er s\u00e6tari \u00e1 brag\u00f0i\u00f0 og skemmtilegur litur sem fylgir henni. <\/h5>\n\n\n\n<h5 class=\"wp-block-heading\">Rau\u00f0a basilikan \u00feolir ekki su\u00f0u og \u00fev\u00ed er best a\u00f0 nota hana ferska \u00ed salati\u00f0 e\u00f0a me\u00f0 ostinum. H\u00fan er l\u00edka mj\u00f6g g\u00f3\u00f0 einfaldlega sem snakk. Rau\u00f0u basilikuna \u00fearf a\u00f0 v\u00f6kva \u00ed sk\u00e1lina einusinni \u00e1 dag og \u00fe\u00e1 gjarnan me\u00f0 \u00e1bur\u00f0i. <\/h5>\n","protected":false},"excerpt":{"rendered":"<p>L\u00edka k\u00f6llu\u00f0 Dark opal basil. H\u00fan er framr\u00e6kta\u00f0 afbrig\u00f0i af venjulegu basilikunni og kom fyrst fram \u00e1ri\u00f0 1950 \u00ed USA. Bl\u00f6\u00f0 hennar eru egglaga og safar\u00edk en \u00f6rl\u00edti\u00f0 \u00feynnri en \u00e1 venjulegri basiliku. H\u00fan er s\u00e6tari \u00e1 brag\u00f0i\u00f0 og skemmtilegur litur sem fylgir henni. Rau\u00f0a basilikan \u00feolir ekki su\u00f0u og \u00fev\u00ed er best a\u00f0 nota [&hellip;]<\/p>\n","protected":false},"author":1,"featured_media":0,"parent":348,"menu_order":0,"comment_status":"closed","ping_status":"closed","template":"","meta":{"_monsterinsights_skip_tracking":false,"_monsterinsights_sitenote_active":false,"_monsterinsights_sitenote_note":"","_monsterinsights_sitenote_category":0,"footnotes":""},"aioseo_notices":[],"_links":{"self":[{"href":"https:\/\/artangi.is\/index.php\/wp-json\/wp\/v2\/pages\/418"}],"collection":[{"href":"https:\/\/artangi.is\/index.php\/wp-json\/wp\/v2\/pages"}],"about":[{"href":"https:\/\/artangi.is\/index.php\/wp-json\/wp\/v2\/types\/page"}],"author":[{"embeddable":true,"href":"https:\/\/artangi.is\/index.php\/wp-json\/wp\/v2\/users\/1"}],"replies":[{"embeddable":true,"href":"https:\/\/artangi.is\/index.php\/wp-json\/wp\/v2\/comments?post=418"}],"version-history":[{"count":3,"href":"https:\/\/artangi.is\/index.php\/wp-json\/wp\/v2\/pages\/418\/revisions"}],"predecessor-version":[{"id":798,"href":"https:\/\/artangi.is\/index.php\/wp-json\/wp\/v2\/pages\/418\/revisions\/798"}],"up":[{"embeddable":true,"href":"https:\/\/artangi.is\/index.php\/wp-json\/wp\/v2\/pages\/348"}],"wp:attachment":[{"href":"https:\/\/artangi.is\/index.php\/wp-json\/wp\/v2\/media?parent=418"}],"curies":[{"name":"wp","href":"https:\/\/api.w.org\/{rel}","templated":true}]}}