{"id":421,"date":"2019-04-25T17:01:15","date_gmt":"2019-04-25T17:01:15","guid":{"rendered":"http:\/\/artangi.is\/?page_id=421"},"modified":"2019-05-01T12:45:57","modified_gmt":"2019-05-01T12:45:57","slug":"baunir","status":"publish","type":"page","link":"https:\/\/artangi.is\/index.php\/kryddjurtir\/baunir\/","title":{"rendered":"Baunir"},"content":{"rendered":"\n<div class=\"wp-block-image\"><figure class=\"aligncenter\"><a href=\"http:\/\/artangi.is\/wp-content\/uploads\/2019\/04\/baun1.png\" target=\"_blank\" rel=\"noreferrer noopener\"><img loading=\"lazy\" decoding=\"async\" width=\"640\" height=\"640\" src=\"http:\/\/artangi.is\/wp-content\/uploads\/2019\/04\/baun1.png\" alt=\"\" class=\"wp-image-608\" srcset=\"https:\/\/artangi.is\/wp-content\/uploads\/2019\/04\/baun1.png 640w, https:\/\/artangi.is\/wp-content\/uploads\/2019\/04\/baun1-150x150.png 150w, https:\/\/artangi.is\/wp-content\/uploads\/2019\/04\/baun1-300x300.png 300w\" sizes=\"(max-width: 640px) 100vw, 640px\" \/><\/a><\/figure><\/div>\n\n\n\n<h5 class=\"wp-block-heading\">\u00deessi\ntiltekna kryddjurt er ein\u00e6r og lifir \u00ed m\u00f6rgum hornum veraldarinnar. Egyptar\nhafa uppl\u00fdsingar um a\u00f0 baunapl\u00f6ntur hafa vaxi\u00f0 villtar u.\u00fe.b. 4800-4400 \u00e1rum\nf.k. en voru ekki algengar til \u00e1tu fyrr en \u00ed kringum 17. \u00f6ld.<\/h5>\n\n\n\n<h5 class=\"wp-block-heading\">Baunir geta veri\u00f0 gr\u00e6nar, gular og mj\u00f6g sjaldan fj\u00f3lubl\u00e1ar. Baunir vaxa best \u00ed 13-18 \u00b0C og vilja helst vera \u00ed skugga og \u00e1 sv\u00f6lum sta\u00f0. Vi\u00f0 r\u00e9ttar a\u00f0st\u00e6\u00f0ur n\u00e6r plantan mestum vexti um 60 d\u00f6gum eftir gr\u00f3\u00f0ursetningu. \u00de\u00e6r eru klifurpl\u00f6ntur og n\u00e1 a\u00f0 kl\u00edfa \u00ed 1-2 m h\u00e6\u00f0. Baunasekkirnir koma \u00far bl\u00f3mi og \u00ed hverjum sekk eru u.\u00fe.b. 8-12 baunir. Best er a\u00f0 setja pl\u00f6ntuna \u00fat \u00e1 sumrin og \u00fe\u00e1 \u00ed gott skj\u00f3l fr\u00e1 s\u00f3linni. \u00c1 veturna er best a\u00f0 hafa pl\u00f6ntuna \u00e1 k\u00f6ldum sta\u00f0 \u00fear sem ekki er mikil s\u00f3l. <\/h5>\n\n\n\n<h5 class=\"wp-block-heading\">Baunir eru rosalega g\u00f3\u00f0ar beint af pl\u00f6ntunni. Margir sj\u00f3\u00f0a baunirnar og setja smj\u00f6r \u00fat \u00e1 en svo eru \u00fe\u00e6r l\u00edka nota\u00f0ar miki\u00f0 \u00ed pottr\u00e9tti e\u00f0a \u00ed n\u00fa\u00f0lur\u00e9tti. Einnig er h\u00e6gt a\u00f0 nota bl\u00f6\u00f0in af pl\u00f6ntunni og eru \u00feau mj\u00f6g g\u00f3\u00f0 \u00ed salat e\u00f0a bara sem snakk. <\/h5>\n","protected":false},"excerpt":{"rendered":"<p>\u00deessi tiltekna kryddjurt er ein\u00e6r og lifir \u00ed m\u00f6rgum hornum veraldarinnar. Egyptar hafa uppl\u00fdsingar um a\u00f0 baunapl\u00f6ntur hafa vaxi\u00f0 villtar u.\u00fe.b. 4800-4400 \u00e1rum f.k. en voru ekki algengar til \u00e1tu fyrr en \u00ed kringum 17. \u00f6ld. Baunir geta veri\u00f0 gr\u00e6nar, gular og mj\u00f6g sjaldan fj\u00f3lubl\u00e1ar. Baunir vaxa best \u00ed 13-18 \u00b0C og vilja helst vera [&hellip;]<\/p>\n","protected":false},"author":1,"featured_media":0,"parent":350,"menu_order":0,"comment_status":"closed","ping_status":"closed","template":"","meta":{"_monsterinsights_skip_tracking":false,"_monsterinsights_sitenote_active":false,"_monsterinsights_sitenote_note":"","_monsterinsights_sitenote_category":0,"footnotes":""},"aioseo_notices":[],"_links":{"self":[{"href":"https:\/\/artangi.is\/index.php\/wp-json\/wp\/v2\/pages\/421"}],"collection":[{"href":"https:\/\/artangi.is\/index.php\/wp-json\/wp\/v2\/pages"}],"about":[{"href":"https:\/\/artangi.is\/index.php\/wp-json\/wp\/v2\/types\/page"}],"author":[{"embeddable":true,"href":"https:\/\/artangi.is\/index.php\/wp-json\/wp\/v2\/users\/1"}],"replies":[{"embeddable":true,"href":"https:\/\/artangi.is\/index.php\/wp-json\/wp\/v2\/comments?post=421"}],"version-history":[{"count":3,"href":"https:\/\/artangi.is\/index.php\/wp-json\/wp\/v2\/pages\/421\/revisions"}],"predecessor-version":[{"id":799,"href":"https:\/\/artangi.is\/index.php\/wp-json\/wp\/v2\/pages\/421\/revisions\/799"}],"up":[{"embeddable":true,"href":"https:\/\/artangi.is\/index.php\/wp-json\/wp\/v2\/pages\/350"}],"wp:attachment":[{"href":"https:\/\/artangi.is\/index.php\/wp-json\/wp\/v2\/media?parent=421"}],"curies":[{"name":"wp","href":"https:\/\/api.w.org\/{rel}","templated":true}]}}