{"id":431,"date":"2019-04-25T17:09:36","date_gmt":"2019-04-25T17:09:36","guid":{"rendered":"http:\/\/artangi.is\/?page_id=431"},"modified":"2019-05-01T12:47:37","modified_gmt":"2019-05-01T12:47:37","slug":"graslaukur","status":"publish","type":"page","link":"https:\/\/artangi.is\/index.php\/kryddjurtir\/graslaukur\/","title":{"rendered":"Graslaukur"},"content":{"rendered":"\n<div class=\"wp-block-image\"><figure class=\"aligncenter\"><a href=\"http:\/\/artangi.is\/wp-content\/uploads\/2019\/04\/grasl2.png\" target=\"_blank\" rel=\"noreferrer noopener\"><img loading=\"lazy\" decoding=\"async\" width=\"480\" height=\"640\" src=\"http:\/\/artangi.is\/wp-content\/uploads\/2019\/04\/grasl2.png\" alt=\"\" class=\"wp-image-612\" srcset=\"https:\/\/artangi.is\/wp-content\/uploads\/2019\/04\/grasl2.png 480w, https:\/\/artangi.is\/wp-content\/uploads\/2019\/04\/grasl2-225x300.png 225w\" sizes=\"(max-width: 480px) 100vw, 480px\" \/><\/a><\/figure><\/div>\n\n\n\n<h5 class=\"wp-block-heading\">Graslaukur \u00e1\nheimkynni \u00ed Evr\u00f3pu, As\u00edu og Nor\u00f0ur Amer\u00edku. Graslaukur hefur veri\u00f0 nota\u00f0ur \u00ed um\n5000 \u00e1r. Jurtina er au\u00f0velt a\u00f0 hafa \u00ed gar\u00f0inum hj\u00e1 s\u00e9rog h\u00fan er miki\u00f0 notu\u00f0 \u00ed\nlyf og matarger\u00f0 um allan heim.<\/h5>\n\n\n\n<h5 class=\"wp-block-heading\">Graslaukur er fj\u00f6l\u00e6r planta sem getur or\u00f0i\u00f0 um 30-50 cm \u00e1 h\u00e6\u00f0 og um 2-3 mm \u00e1 \u00feykkt. Stilkarnir eru holir a\u00f0 innan og me\u00f0 mj\u00faka \u00e1fer\u00f0 nema r\u00e9tt \u00e1\u00f0ur en \u00feeir bera bl\u00f3m, \u00fe\u00e1 vir\u00f0ast \u00feeir stinnari. Hann vex \u00ed \u00fe\u00e9ttum hnapp utan um r\u00e6turnar. Bl\u00f3mi\u00f0 er stj\u00f6rnulaga me\u00f0 sex bl\u00f6\u00f0um u.\u00fe.b. 1-2 cm breitt og vex \u00ed hnapp af 10-30 bl\u00f3mum saman. \u00c1 \u00cdslandi bl\u00f3mstrar Graslaukurinn \u00ed j\u00fan\u00ed\/j\u00fal\u00ed. <\/h5>\n\n\n\n<h5 class=\"wp-block-heading\">Graslaukur er nota\u00f0ur \u00ed marga sv\u00edna-, nauta-, fugla- og fiskr\u00e9tti. Graslaukur er l\u00edka mj\u00f6g g\u00f3\u00f0ur \u00ed heitar og kaldar s\u00f3sur og sal\u00f6t en \u00ed salati\u00f0 er einnig gott a\u00f0 nota bl\u00f3min. <\/h5>\n\n\n\n<p> <br><a rel=\"noreferrer noopener\" target=\"_blank\" href=\"http:\/\/artangi.is\/index.php\/islensk-tomatsupa-med-timian-og-rosmarin\/\">islensk-tomatsupa-med-timian-og-rosmarin<\/a><\/p>\n","protected":false},"excerpt":{"rendered":"<p>Graslaukur \u00e1 heimkynni \u00ed Evr\u00f3pu, As\u00edu og Nor\u00f0ur Amer\u00edku. Graslaukur hefur veri\u00f0 nota\u00f0ur \u00ed um 5000 \u00e1r. Jurtina er au\u00f0velt a\u00f0 hafa \u00ed gar\u00f0inum hj\u00e1 s\u00e9rog h\u00fan er miki\u00f0 notu\u00f0 \u00ed lyf og matarger\u00f0 um allan heim. Graslaukur er fj\u00f6l\u00e6r planta sem getur or\u00f0i\u00f0 um 30-50 cm \u00e1 h\u00e6\u00f0 og um 2-3 mm \u00e1 \u00feykkt. [&hellip;]<\/p>\n","protected":false},"author":1,"featured_media":0,"parent":350,"menu_order":0,"comment_status":"closed","ping_status":"closed","template":"","meta":{"_monsterinsights_skip_tracking":false,"_monsterinsights_sitenote_active":false,"_monsterinsights_sitenote_note":"","_monsterinsights_sitenote_category":0,"footnotes":""},"aioseo_notices":[],"_links":{"self":[{"href":"https:\/\/artangi.is\/index.php\/wp-json\/wp\/v2\/pages\/431"}],"collection":[{"href":"https:\/\/artangi.is\/index.php\/wp-json\/wp\/v2\/pages"}],"about":[{"href":"https:\/\/artangi.is\/index.php\/wp-json\/wp\/v2\/types\/page"}],"author":[{"embeddable":true,"href":"https:\/\/artangi.is\/index.php\/wp-json\/wp\/v2\/users\/1"}],"replies":[{"embeddable":true,"href":"https:\/\/artangi.is\/index.php\/wp-json\/wp\/v2\/comments?post=431"}],"version-history":[{"count":4,"href":"https:\/\/artangi.is\/index.php\/wp-json\/wp\/v2\/pages\/431\/revisions"}],"predecessor-version":[{"id":801,"href":"https:\/\/artangi.is\/index.php\/wp-json\/wp\/v2\/pages\/431\/revisions\/801"}],"up":[{"embeddable":true,"href":"https:\/\/artangi.is\/index.php\/wp-json\/wp\/v2\/pages\/350"}],"wp:attachment":[{"href":"https:\/\/artangi.is\/index.php\/wp-json\/wp\/v2\/media?parent=431"}],"curies":[{"name":"wp","href":"https:\/\/api.w.org\/{rel}","templated":true}]}}