{"id":450,"date":"2019-04-25T17:22:39","date_gmt":"2019-04-25T17:22:39","guid":{"rendered":"http:\/\/artangi.is\/?page_id=450"},"modified":"2019-05-20T12:56:34","modified_gmt":"2019-05-20T12:56:34","slug":"koriander","status":"publish","type":"page","link":"https:\/\/artangi.is\/index.php\/kryddjurtir\/koriander\/","title":{"rendered":"K\u00f3r\u00edander"},"content":{"rendered":"\n<div class=\"wp-block-image\"><figure class=\"aligncenter\"><a href=\"http:\/\/artangi.is\/wp-content\/uploads\/2019\/04\/koriander4.png\" target=\"_blank\" rel=\"noreferrer noopener\"><img loading=\"lazy\" decoding=\"async\" width=\"640\" height=\"480\" src=\"http:\/\/artangi.is\/wp-content\/uploads\/2019\/05\/koriander5.png\" alt=\"\" class=\"wp-image-887\" srcset=\"https:\/\/artangi.is\/wp-content\/uploads\/2019\/05\/koriander5.png 640w, https:\/\/artangi.is\/wp-content\/uploads\/2019\/05\/koriander5-300x225.png 300w\" sizes=\"(max-width: 640px) 100vw, 640px\" \/><\/a><\/figure><\/div>\n\n\n\n<h5 class=\"wp-block-heading\">K\u00f3r\u00edander er\nein\u00e6r jurt sem kemur fr\u00e1 st\u00f6\u00f0um sem spanna su\u00f0ur Evr\u00f3pu, nor\u00f0ur Afr\u00edku til\nsu\u00f0vestur As\u00edu. \u00d6ll plantan er \u00e6t en a\u00f0 mestu eru bl\u00f6\u00f0in og fr\u00e6in notu\u00f0 \u00ed\nmatarger\u00f0.<\/h5>\n\n\n\n<h5 class=\"wp-block-heading\">Bl\u00f6\u00f0in eru\nsafar\u00edk me\u00f0 svol\u00edti\u00f0 beisku s\u00edtr\u00f3nu\/lime brag\u00f0i. Plantan er mj\u00fak og getur or\u00f0i\u00f0\n50 cm&nbsp; \u00e1 h\u00e6\u00f0. Bl\u00f6\u00f0in eru breytileg \u00ed\nformi en \u00ed meginatri\u00f0um eru \u00feau dj\u00faptennt og sl\u00e9tt og ver\u00f0a fja\u00f0urlaga\u00f0ri \u00fev\u00ed\nh\u00e6rra sem \u00feau n\u00e1 \u00e1 bl\u00f3mstilknum. Bl\u00f3min eru hv\u00edt e\u00f0a lj\u00f3sbleik og vaxa m\u00f6rg\nsaman \u00ed hnapp. Kr\u00f3nubl\u00f6\u00f0in sem v\u00edsa \u00fat \u00far hringnum eru 5-6mm en \u00feau sem v\u00edsa\ninn \u00ed hringinn eru 1-3 mm. K\u00f3r\u00edander er h\u00e6gt a\u00f0 hafa \u00fati hj\u00e1 s\u00e9r \u00e1 sumrin. S\u00e9\n\u00fea\u00f0 haft inni skal \u00fea\u00f0 vera \u00ed bj\u00f6rtum glugga og v\u00f6kvast \u00ed sk\u00e1lina hvern dag me\u00f0\n\u00e1bur\u00f0i.<\/h5>\n\n\n\n<h5 class=\"wp-block-heading\">K\u00f3r\u00edander er\nmiki\u00f0 nota\u00f0 \u00ed heitar og kaldar s\u00f3sur og karr\u00fd r\u00e9tti. K\u00f3r\u00edander \u00feolir alveg su\u00f0u\nen er einnig mj\u00f6g gott hr\u00e1tt.<\/h5>\n\n\n\n<p> <br><a rel=\"noreferrer noopener\" target=\"_blank\" href=\"http:\/\/artangi.is\/index.php\/koriander-dressing\/\">koriander-dressing<\/a> <br><a rel=\"noreferrer noopener\" target=\"_blank\" href=\"http:\/\/artangi.is\/index.php\/kryddjurtasalsa\/\">kryddjurtasalsa<\/a><\/p>\n","protected":false},"excerpt":{"rendered":"<p>K\u00f3r\u00edander er ein\u00e6r jurt sem kemur fr\u00e1 st\u00f6\u00f0um sem spanna su\u00f0ur Evr\u00f3pu, nor\u00f0ur Afr\u00edku til su\u00f0vestur As\u00edu. \u00d6ll plantan er \u00e6t en a\u00f0 mestu eru bl\u00f6\u00f0in og fr\u00e6in notu\u00f0 \u00ed matarger\u00f0. Bl\u00f6\u00f0in eru safar\u00edk me\u00f0 svol\u00edti\u00f0 beisku s\u00edtr\u00f3nu\/lime brag\u00f0i. Plantan er mj\u00fak og getur or\u00f0i\u00f0 50 cm&nbsp; \u00e1 h\u00e6\u00f0. Bl\u00f6\u00f0in eru breytileg \u00ed formi en [&hellip;]<\/p>\n","protected":false},"author":1,"featured_media":0,"parent":350,"menu_order":0,"comment_status":"closed","ping_status":"closed","template":"","meta":{"_monsterinsights_skip_tracking":false,"_monsterinsights_sitenote_active":false,"_monsterinsights_sitenote_note":"","_monsterinsights_sitenote_category":0,"footnotes":""},"aioseo_notices":[],"_links":{"self":[{"href":"https:\/\/artangi.is\/index.php\/wp-json\/wp\/v2\/pages\/450"}],"collection":[{"href":"https:\/\/artangi.is\/index.php\/wp-json\/wp\/v2\/pages"}],"about":[{"href":"https:\/\/artangi.is\/index.php\/wp-json\/wp\/v2\/types\/page"}],"author":[{"embeddable":true,"href":"https:\/\/artangi.is\/index.php\/wp-json\/wp\/v2\/users\/1"}],"replies":[{"embeddable":true,"href":"https:\/\/artangi.is\/index.php\/wp-json\/wp\/v2\/comments?post=450"}],"version-history":[{"count":7,"href":"https:\/\/artangi.is\/index.php\/wp-json\/wp\/v2\/pages\/450\/revisions"}],"predecessor-version":[{"id":888,"href":"https:\/\/artangi.is\/index.php\/wp-json\/wp\/v2\/pages\/450\/revisions\/888"}],"up":[{"embeddable":true,"href":"https:\/\/artangi.is\/index.php\/wp-json\/wp\/v2\/pages\/350"}],"wp:attachment":[{"href":"https:\/\/artangi.is\/index.php\/wp-json\/wp\/v2\/media?parent=450"}],"curies":[{"name":"wp","href":"https:\/\/api.w.org\/{rel}","templated":true}]}}