{"id":459,"date":"2019-04-26T09:09:01","date_gmt":"2019-04-26T09:09:01","guid":{"rendered":"http:\/\/artangi.is\/?page_id=459"},"modified":"2019-05-20T13:05:35","modified_gmt":"2019-05-20T13:05:35","slug":"mynta","status":"publish","type":"page","link":"https:\/\/artangi.is\/index.php\/kryddjurtir\/mynta\/","title":{"rendered":"Mynta"},"content":{"rendered":"\n<div class=\"wp-block-image\"><figure class=\"aligncenter\"><a href=\"http:\/\/artangi.is\/wp-content\/uploads\/2019\/04\/mynta4.png\" target=\"_blank\" rel=\"noreferrer noopener\"><img loading=\"lazy\" decoding=\"async\" width=\"640\" height=\"480\" src=\"http:\/\/artangi.is\/wp-content\/uploads\/2019\/05\/mynta5.png\" alt=\"\" class=\"wp-image-891\" srcset=\"https:\/\/artangi.is\/wp-content\/uploads\/2019\/05\/mynta5.png 640w, https:\/\/artangi.is\/wp-content\/uploads\/2019\/05\/mynta5-300x225.png 300w\" sizes=\"(max-width: 640px) 100vw, 640px\" \/><\/a><\/figure><\/div>\n\n\n\n<h5 class=\"wp-block-heading\">Mynta er\nfj\u00f6l\u00e6r planta sem \u00e1 au\u00f0velt uppvaxtar allsta\u00f0ar \u00ed heiminum. H\u00fan dreifir s\u00e9r\nau\u00f0veldlega me\u00f0 r\u00f3tarskotum. Henni l\u00ed\u00f0ur best \u00ed skugga. Til eru u.\u00fe.b. 13-18\nmismunandi tegundir af myntu.<\/h5>\n\n\n\n<h5 class=\"wp-block-heading\">Mynta getur or\u00f0i\u00f0 allt 10-120 cm \u00e1 h\u00e6\u00f0.&nbsp; Laufin geta veri\u00f0 allt fr\u00e1 d\u00f6kkgr\u00e6num ni\u00f0ur \u00ed lj\u00f3sgr\u00e1 og fr\u00e1 fj\u00f3lubl\u00e1um til lj\u00f3sgulra. Bl\u00f3min geta veri\u00f0 hv\u00edt e\u00f0a&nbsp; fj\u00f3lubl\u00e1. H\u00fan \u00fearf skj\u00f3l og g\u00f3\u00f0a birtu, og s\u00e9 h\u00fan h\u00f6f\u00f0 inni ver\u00f0ur h\u00fan a\u00f0 vera \u00ed bj\u00f6rtum glugga og v\u00f6kvast \u00ed sk\u00e1lina hvern dag me\u00f0 \u00e1bur\u00f0i. <\/h5>\n\n\n\n<h5 class=\"wp-block-heading\">Mynta er miki\u00f0 notu\u00f0 \u00ed s\u00e6lg\u00e6ti og eftirr\u00e9tti. H\u00fan er mj\u00f6g g\u00f3\u00f0 \u00ed fisk- og kj\u00faklingar\u00e9tti og me\u00f0 sv\u00edna- og lambakj\u00f6ti. H\u00fan er fr\u00e1b\u00e6r \u00ed marineringu, s\u00f3sur og b\u00fast. H\u00fan gegnir a\u00f0alhlutverki \u00ed upp\u00e1haldsdrykk margra sem er Mojito. <\/h5>\n\n\n\n<p> <br><a rel=\"noreferrer noopener\" target=\"_blank\" href=\"http:\/\/artangi.is\/index.php\/kryddjurtasalsa\/\">kryddjurtasalsa<\/a>  <br><a rel=\"noreferrer noopener\" target=\"_blank\" href=\"http:\/\/artangi.is\/index.php\/mojito\/\">mojito<\/a><br><\/p>\n","protected":false},"excerpt":{"rendered":"<p>Mynta er fj\u00f6l\u00e6r planta sem \u00e1 au\u00f0velt uppvaxtar allsta\u00f0ar \u00ed heiminum. H\u00fan dreifir s\u00e9r au\u00f0veldlega me\u00f0 r\u00f3tarskotum. Henni l\u00ed\u00f0ur best \u00ed skugga. Til eru u.\u00fe.b. 13-18 mismunandi tegundir af myntu. Mynta getur or\u00f0i\u00f0 allt 10-120 cm \u00e1 h\u00e6\u00f0.&nbsp; Laufin geta veri\u00f0 allt fr\u00e1 d\u00f6kkgr\u00e6num ni\u00f0ur \u00ed lj\u00f3sgr\u00e1 og fr\u00e1 fj\u00f3lubl\u00e1um til lj\u00f3sgulra. Bl\u00f3min geta veri\u00f0 [&hellip;]<\/p>\n","protected":false},"author":1,"featured_media":0,"parent":350,"menu_order":0,"comment_status":"closed","ping_status":"closed","template":"","meta":{"_monsterinsights_skip_tracking":false,"_monsterinsights_sitenote_active":false,"_monsterinsights_sitenote_note":"","_monsterinsights_sitenote_category":0,"footnotes":""},"aioseo_notices":[],"_links":{"self":[{"href":"https:\/\/artangi.is\/index.php\/wp-json\/wp\/v2\/pages\/459"}],"collection":[{"href":"https:\/\/artangi.is\/index.php\/wp-json\/wp\/v2\/pages"}],"about":[{"href":"https:\/\/artangi.is\/index.php\/wp-json\/wp\/v2\/types\/page"}],"author":[{"embeddable":true,"href":"https:\/\/artangi.is\/index.php\/wp-json\/wp\/v2\/users\/1"}],"replies":[{"embeddable":true,"href":"https:\/\/artangi.is\/index.php\/wp-json\/wp\/v2\/comments?post=459"}],"version-history":[{"count":8,"href":"https:\/\/artangi.is\/index.php\/wp-json\/wp\/v2\/pages\/459\/revisions"}],"predecessor-version":[{"id":892,"href":"https:\/\/artangi.is\/index.php\/wp-json\/wp\/v2\/pages\/459\/revisions\/892"}],"up":[{"embeddable":true,"href":"https:\/\/artangi.is\/index.php\/wp-json\/wp\/v2\/pages\/350"}],"wp:attachment":[{"href":"https:\/\/artangi.is\/index.php\/wp-json\/wp\/v2\/media?parent=459"}],"curies":[{"name":"wp","href":"https:\/\/api.w.org\/{rel}","templated":true}]}}