{"id":465,"date":"2019-04-26T09:12:56","date_gmt":"2019-04-26T09:12:56","guid":{"rendered":"http:\/\/artangi.is\/?page_id=465"},"modified":"2019-05-01T12:51:57","modified_gmt":"2019-05-01T12:51:57","slug":"rosmarin","status":"publish","type":"page","link":"https:\/\/artangi.is\/index.php\/kryddjurtir\/rosmarin\/","title":{"rendered":"R\u00f3smar\u00edn"},"content":{"rendered":"\n<div class=\"wp-block-image\"><figure class=\"aligncenter\"><a href=\"http:\/\/artangi.is\/wp-content\/uploads\/2019\/04\/rosmarin5.png\" target=\"_blank\" rel=\"noreferrer noopener\"><img loading=\"lazy\" decoding=\"async\" width=\"400\" height=\"640\" src=\"http:\/\/artangi.is\/wp-content\/uploads\/2019\/04\/rosmarin5.png\" alt=\"\" class=\"wp-image-529\" srcset=\"https:\/\/artangi.is\/wp-content\/uploads\/2019\/04\/rosmarin5.png 400w, https:\/\/artangi.is\/wp-content\/uploads\/2019\/04\/rosmarin5-188x300.png 188w\" sizes=\"(max-width: 400px) 100vw, 400px\" \/><\/a><\/figure><\/div>\n\n\n\n<h5 class=\"wp-block-heading\">Upprunni\nr\u00f3smar\u00edns er fr\u00e1 Mi\u00f0jar\u00f0arhafinu og \u00fev\u00ed l\u00ed\u00f0ur best \u00ed hl\u00fdju umhverfi. R\u00f3smar\u00edn\ner ein\u00e6r planta \u00e1 \u00cdslandi \u00fev\u00ed h\u00fan \u00feolir illa veturinn. Forn-Grikkir tr\u00faa \u00fev\u00ed a\u00f0\nr\u00f3smar\u00edn s\u00e9 t\u00e1kn trygg\u00f0ar og \u00fea\u00f0 er \u00fev\u00ed ofi\u00f0 \u00ed br\u00fa\u00f0arvendi og brennt sem\nreykelsi. \u00c1 mi\u00f0\u00f6ldum var plantan notu\u00f0 sem j\u00f3laskraut \u00ed Evr\u00f3pu. R\u00f3smar\u00edn er\nsagt \u00f6rva minni og hugsun.<\/h5>\n\n\n\n<h5 class=\"wp-block-heading\">R\u00f3smar\u00edn\ngetur n\u00e1\u00f0 1,5m h\u00e6\u00f0. Laufin minna \u00e1 barrn\u00e1lar, um 2-4 cm l\u00f6ng og um 2-5 mm\nbrei\u00f0. Laufin eru gr\u00e6n a\u00f0 ofan og hv\u00edt a\u00f0 ne\u00f0an me\u00f0 litlum \u201eh\u00e1rum\u201c. Pl\u00f6nturnar\nbl\u00f3mstra \u00e1 vorin og eru bl\u00f3min hv\u00edt, bleik, fj\u00f3lubl\u00e1 e\u00f0a d\u00f6kkbl\u00e1.<\/h5>\n\n\n\n<h5 class=\"wp-block-heading\">R\u00f3smar\u00edn er\nnota\u00f0 me\u00f0 flestu kj\u00f6ti, \u00e1 fiskinn, me\u00f0 kart\u00f6flum e\u00f0a r\u00f3targr\u00e6nmeti. \u00dea\u00f0 er\neinnig miki\u00f0 nota\u00f0 \u00ed te og \u00ed b\u00e6\u00f0i krydd- og nuddol\u00edur.<\/h5>\n\n\n\n<p> <br><a rel=\"noreferrer noopener\" target=\"_blank\" href=\"http:\/\/artangi.is\/index.php\/islensk-tomatsupa-med-timian-og-rosmarin\/\">islensk-tomatsupa-med-timian-og-rosmarin<\/a>  <br><a rel=\"noreferrer noopener\" target=\"_blank\" href=\"http:\/\/artangi.is\/index.php\/kryddjurtasalsa\/\">kryddjurtasalsa<\/a><\/p>\n","protected":false},"excerpt":{"rendered":"<p>Upprunni r\u00f3smar\u00edns er fr\u00e1 Mi\u00f0jar\u00f0arhafinu og \u00fev\u00ed l\u00ed\u00f0ur best \u00ed hl\u00fdju umhverfi. R\u00f3smar\u00edn er ein\u00e6r planta \u00e1 \u00cdslandi \u00fev\u00ed h\u00fan \u00feolir illa veturinn. Forn-Grikkir tr\u00faa \u00fev\u00ed a\u00f0 r\u00f3smar\u00edn s\u00e9 t\u00e1kn trygg\u00f0ar og \u00fea\u00f0 er \u00fev\u00ed ofi\u00f0 \u00ed br\u00fa\u00f0arvendi og brennt sem reykelsi. \u00c1 mi\u00f0\u00f6ldum var plantan notu\u00f0 sem j\u00f3laskraut \u00ed Evr\u00f3pu. R\u00f3smar\u00edn er sagt \u00f6rva [&hellip;]<\/p>\n","protected":false},"author":1,"featured_media":0,"parent":350,"menu_order":0,"comment_status":"closed","ping_status":"closed","template":"","meta":{"_monsterinsights_skip_tracking":false,"_monsterinsights_sitenote_active":false,"_monsterinsights_sitenote_note":"","_monsterinsights_sitenote_category":0,"footnotes":""},"aioseo_notices":[],"_links":{"self":[{"href":"https:\/\/artangi.is\/index.php\/wp-json\/wp\/v2\/pages\/465"}],"collection":[{"href":"https:\/\/artangi.is\/index.php\/wp-json\/wp\/v2\/pages"}],"about":[{"href":"https:\/\/artangi.is\/index.php\/wp-json\/wp\/v2\/types\/page"}],"author":[{"embeddable":true,"href":"https:\/\/artangi.is\/index.php\/wp-json\/wp\/v2\/users\/1"}],"replies":[{"embeddable":true,"href":"https:\/\/artangi.is\/index.php\/wp-json\/wp\/v2\/comments?post=465"}],"version-history":[{"count":5,"href":"https:\/\/artangi.is\/index.php\/wp-json\/wp\/v2\/pages\/465\/revisions"}],"predecessor-version":[{"id":808,"href":"https:\/\/artangi.is\/index.php\/wp-json\/wp\/v2\/pages\/465\/revisions\/808"}],"up":[{"embeddable":true,"href":"https:\/\/artangi.is\/index.php\/wp-json\/wp\/v2\/pages\/350"}],"wp:attachment":[{"href":"https:\/\/artangi.is\/index.php\/wp-json\/wp\/v2\/media?parent=465"}],"curies":[{"name":"wp","href":"https:\/\/api.w.org\/{rel}","templated":true}]}}