{"id":468,"date":"2019-04-26T09:15:16","date_gmt":"2019-04-26T09:15:16","guid":{"rendered":"http:\/\/artangi.is\/?page_id=468"},"modified":"2019-05-20T13:09:00","modified_gmt":"2019-05-20T13:09:00","slug":"salatsellery","status":"publish","type":"page","link":"https:\/\/artangi.is\/index.php\/kryddjurtir\/salatsellery\/","title":{"rendered":"Salatseller\u00fd"},"content":{"rendered":"\n<div class=\"wp-block-image\"><figure class=\"aligncenter\"><a href=\"http:\/\/artangi.is\/wp-content\/uploads\/2019\/04\/salatseller\u00fd.png\" target=\"_blank\" rel=\"noreferrer noopener\"><img loading=\"lazy\" decoding=\"async\" width=\"640\" height=\"480\" src=\"http:\/\/artangi.is\/wp-content\/uploads\/2019\/05\/salatselley1.png\" alt=\"\" class=\"wp-image-893\" srcset=\"https:\/\/artangi.is\/wp-content\/uploads\/2019\/05\/salatselley1.png 640w, https:\/\/artangi.is\/wp-content\/uploads\/2019\/05\/salatselley1-300x225.png 300w\" sizes=\"(max-width: 640px) 100vw, 640px\" \/><\/a><\/figure><\/div>\n\n\n\n<h5 class=\"wp-block-heading\">Salatseller\u00fd\ne\u00f0a laufseller\u00fd kemur fr\u00e1 austur As\u00edu. Laufseller\u00fd er sennilega elsta afbrig\u00f0i\naf seller\u00fd \u00ed heiminum.<\/h5>\n\n\n\n<h5 class=\"wp-block-heading\">Salatseller\u00fd\nver\u00f0ur um 30-45 cm a\u00f0 h\u00e6\u00f0. Stilkarnir eru \u00feynnri en \u00e1 venjulegu seller\u00fd, og\nmynda h\u00e1lfgert r\u00f6r fr\u00e1 mold upp \u00ed lauf og \u00fear me\u00f0 notar ma\u00f0ur laufi\u00f0 einnig \u00ed\nmatarger\u00f0. \u00dea\u00f0 er h\u00e6gt a\u00f0 hafa salatseller\u00fd utandyra en s\u00e9 \u00fea\u00f0 haft inni skal\n\u00fea\u00f0 vera \u00ed bj\u00f6rtum glugga og v\u00f6kvast \u00ed sk\u00e1lina hvern dag me\u00f0 \u00e1bur\u00f0i.<\/h5>\n\n\n\n<h5 class=\"wp-block-heading\">\u00dea\u00f0 er nota\u00f0\nalveg eins og venjulegt seller\u00fd \u00ed s\u00fapur, pottr\u00e9tti og salat.<\/h5>\n","protected":false},"excerpt":{"rendered":"<p>Salatseller\u00fd e\u00f0a laufseller\u00fd kemur fr\u00e1 austur As\u00edu. Laufseller\u00fd er sennilega elsta afbrig\u00f0i af seller\u00fd \u00ed heiminum. Salatseller\u00fd ver\u00f0ur um 30-45 cm a\u00f0 h\u00e6\u00f0. Stilkarnir eru \u00feynnri en \u00e1 venjulegu seller\u00fd, og mynda h\u00e1lfgert r\u00f6r fr\u00e1 mold upp \u00ed lauf og \u00fear me\u00f0 notar ma\u00f0ur laufi\u00f0 einnig \u00ed matarger\u00f0. \u00dea\u00f0 er h\u00e6gt a\u00f0 hafa salatseller\u00fd utandyra [&hellip;]<\/p>\n","protected":false},"author":1,"featured_media":0,"parent":350,"menu_order":0,"comment_status":"closed","ping_status":"closed","template":"","meta":{"_monsterinsights_skip_tracking":false,"_monsterinsights_sitenote_active":false,"_monsterinsights_sitenote_note":"","_monsterinsights_sitenote_category":0,"footnotes":""},"aioseo_notices":[],"_links":{"self":[{"href":"https:\/\/artangi.is\/index.php\/wp-json\/wp\/v2\/pages\/468"}],"collection":[{"href":"https:\/\/artangi.is\/index.php\/wp-json\/wp\/v2\/pages"}],"about":[{"href":"https:\/\/artangi.is\/index.php\/wp-json\/wp\/v2\/types\/page"}],"author":[{"embeddable":true,"href":"https:\/\/artangi.is\/index.php\/wp-json\/wp\/v2\/users\/1"}],"replies":[{"embeddable":true,"href":"https:\/\/artangi.is\/index.php\/wp-json\/wp\/v2\/comments?post=468"}],"version-history":[{"count":4,"href":"https:\/\/artangi.is\/index.php\/wp-json\/wp\/v2\/pages\/468\/revisions"}],"predecessor-version":[{"id":894,"href":"https:\/\/artangi.is\/index.php\/wp-json\/wp\/v2\/pages\/468\/revisions\/894"}],"up":[{"embeddable":true,"href":"https:\/\/artangi.is\/index.php\/wp-json\/wp\/v2\/pages\/350"}],"wp:attachment":[{"href":"https:\/\/artangi.is\/index.php\/wp-json\/wp\/v2\/media?parent=468"}],"curies":[{"name":"wp","href":"https:\/\/api.w.org\/{rel}","templated":true}]}}