{"id":478,"date":"2019-04-26T09:21:37","date_gmt":"2019-04-26T09:21:37","guid":{"rendered":"http:\/\/artangi.is\/?page_id=478"},"modified":"2019-05-01T12:54:02","modified_gmt":"2019-05-01T12:54:02","slug":"sitronumelissa","status":"publish","type":"page","link":"https:\/\/artangi.is\/index.php\/kryddjurtir\/sitronumelissa\/","title":{"rendered":"S\u00edtr\u00f3numelissa"},"content":{"rendered":"\n<div class=\"wp-block-image\"><figure class=\"aligncenter\"><a href=\"http:\/\/artangi.is\/wp-content\/uploads\/2019\/04\/sitronumelissa4.png\" target=\"_blank\" rel=\"noreferrer noopener\"><img loading=\"lazy\" decoding=\"async\" width=\"400\" height=\"640\" src=\"http:\/\/artangi.is\/wp-content\/uploads\/2019\/04\/sitronumelissa4.png\" alt=\"\" class=\"wp-image-530\" srcset=\"https:\/\/artangi.is\/wp-content\/uploads\/2019\/04\/sitronumelissa4.png 400w, https:\/\/artangi.is\/wp-content\/uploads\/2019\/04\/sitronumelissa4-188x300.png 188w\" sizes=\"(max-width: 400px) 100vw, 400px\" \/><\/a><\/figure><\/div>\n\n\n\n<h5 class=\"wp-block-heading\">S\u00edtr\u00f3numelissa\ner upprunninn fr\u00e1 forn- Grikkjum og forn- R\u00f3mverjum. S\u00edtr\u00f3numelissan var a\u00f0\nmestu notu\u00f0 af grasal\u00e6knum, v\u00edsindam\u00f6nnum og \u00feeim sem stundu\u00f0u gullger\u00f0arlist.\nParacelsus h\u00e9lt \u00fev\u00ed fram a\u00f0 h\u00fan v\u00e6ri t\u00f6fraefni; \u201cthe elixir of life\u201d.<\/h5>\n\n\n\n<h5 class=\"wp-block-heading\">Plantan ver\u00f0ur allt a\u00f0 70-150 cm me\u00f0 mildu s\u00edtr\u00f3nubrag\u00f0i. S\u00edtr\u00f3numelissan er fj\u00f6l\u00e6r ef h\u00fan f\u00e6r gott vetrarskj\u00f3l en h\u00fan \u00fearf mikla birtu, og s\u00e9 h\u00fan h\u00f6f\u00f0 inni vill h\u00fan vera \u00ed bj\u00f6rtum glugga og v\u00f6kvast \u00ed sk\u00e1lina \u00e1 hverjum degi me\u00f0 \u00e1bur\u00f0i. <\/h5>\n\n\n\n<h5 class=\"wp-block-heading\">Bl\u00f6\u00f0in eru notu\u00f0 \u00ed ilmkjarnaol\u00edur, s\u00e1pur, kryddol\u00edur, te, eftirr\u00e9tti, kj\u00f6tr\u00e9tti og \u00ed salati\u00f0. <\/h5>\n","protected":false},"excerpt":{"rendered":"<p>S\u00edtr\u00f3numelissa er upprunninn fr\u00e1 forn- Grikkjum og forn- R\u00f3mverjum. S\u00edtr\u00f3numelissan var a\u00f0 mestu notu\u00f0 af grasal\u00e6knum, v\u00edsindam\u00f6nnum og \u00feeim sem stundu\u00f0u gullger\u00f0arlist. Paracelsus h\u00e9lt \u00fev\u00ed fram a\u00f0 h\u00fan v\u00e6ri t\u00f6fraefni; \u201cthe elixir of life\u201d. Plantan ver\u00f0ur allt a\u00f0 70-150 cm me\u00f0 mildu s\u00edtr\u00f3nubrag\u00f0i. S\u00edtr\u00f3numelissan er fj\u00f6l\u00e6r ef h\u00fan f\u00e6r gott vetrarskj\u00f3l en h\u00fan \u00fearf mikla [&hellip;]<\/p>\n","protected":false},"author":1,"featured_media":0,"parent":350,"menu_order":0,"comment_status":"closed","ping_status":"closed","template":"","meta":{"_monsterinsights_skip_tracking":false,"_monsterinsights_sitenote_active":false,"_monsterinsights_sitenote_note":"","_monsterinsights_sitenote_category":0,"footnotes":""},"aioseo_notices":[],"_links":{"self":[{"href":"https:\/\/artangi.is\/index.php\/wp-json\/wp\/v2\/pages\/478"}],"collection":[{"href":"https:\/\/artangi.is\/index.php\/wp-json\/wp\/v2\/pages"}],"about":[{"href":"https:\/\/artangi.is\/index.php\/wp-json\/wp\/v2\/types\/page"}],"author":[{"embeddable":true,"href":"https:\/\/artangi.is\/index.php\/wp-json\/wp\/v2\/users\/1"}],"replies":[{"embeddable":true,"href":"https:\/\/artangi.is\/index.php\/wp-json\/wp\/v2\/comments?post=478"}],"version-history":[{"count":3,"href":"https:\/\/artangi.is\/index.php\/wp-json\/wp\/v2\/pages\/478\/revisions"}],"predecessor-version":[{"id":811,"href":"https:\/\/artangi.is\/index.php\/wp-json\/wp\/v2\/pages\/478\/revisions\/811"}],"up":[{"embeddable":true,"href":"https:\/\/artangi.is\/index.php\/wp-json\/wp\/v2\/pages\/350"}],"wp:attachment":[{"href":"https:\/\/artangi.is\/index.php\/wp-json\/wp\/v2\/media?parent=478"}],"curies":[{"name":"wp","href":"https:\/\/api.w.org\/{rel}","templated":true}]}}