{"id":504,"date":"2019-04-26T09:42:10","date_gmt":"2019-04-26T09:42:10","guid":{"rendered":"http:\/\/artangi.is\/?page_id=504"},"modified":"2019-05-01T12:57:10","modified_gmt":"2019-05-01T12:57:10","slug":"skogsura","status":"publish","type":"page","link":"https:\/\/artangi.is\/index.php\/kryddjurtir\/surur\/skogsura\/","title":{"rendered":"Sk\u00f3gs\u00fara"},"content":{"rendered":"\n<div class=\"wp-block-image\"><figure class=\"aligncenter\"><a href=\"http:\/\/artangi.is\/wp-content\/uploads\/2019\/04\/skogsura.png\" target=\"_blank\" rel=\"noreferrer noopener\"><img loading=\"lazy\" decoding=\"async\" width=\"480\" height=\"640\" src=\"http:\/\/artangi.is\/wp-content\/uploads\/2019\/04\/skogsura.png\" alt=\"\" class=\"wp-image-545\" srcset=\"https:\/\/artangi.is\/wp-content\/uploads\/2019\/04\/skogsura.png 480w, https:\/\/artangi.is\/wp-content\/uploads\/2019\/04\/skogsura-225x300.png 225w\" sizes=\"(max-width: 480px) 100vw, 480px\" \/><\/a><\/figure><\/div>\n\n\n\n<h5 class=\"wp-block-heading\">Sk\u00f3gs\u00fara er algeng \u00ed Nor\u00f0ur Amer\u00edku og Evr\u00f3pu og vex mj\u00f6g\ngjarnan \u00ed sk\u00f3garbotnum. H\u00fan er oft gefin sem gj\u00f6f \u00e1 St. Patricks degi \u00fev\u00ed h\u00fan\ner svo l\u00edk sm\u00e1ranum og telst \u00fev\u00ed vera heillamerki. H\u00fan er einnig notu\u00f0 \u00ed\nmatarger\u00f0 og \u00ed lyf.<\/h5>\n\n\n\n<h5 class=\"wp-block-heading\">Sk\u00f3gs\u00fara er fj\u00f6l\u00e6r, har\u00f0ger\u00f0 og h\u00e1lfskugg\u00feolin. H\u00fan ver\u00f0ur um 20-40 cm h\u00e1. Bl\u00f6\u00f0in minna \u00e1 \u00feriggjalaufa sm\u00e1ra en bl\u00f3min eru gul og einnig mj\u00f6g g\u00f3\u00f0 \u00e1 brag\u00f0i\u00f0.&nbsp; H\u00fan lifir vel \u00fati en \u00fe\u00f3 \u00fearf a\u00f0 g\u00e6ta \u00feess a\u00f0 r\u00e6turnar frj\u00f3si ekki. S\u00e9 h\u00fan h\u00f6f\u00f0 inni skal h\u00fan v\u00f6kvast \u00ed sk\u00e1lina hvern dag me\u00f0 \u00e1bur\u00f0i. <\/h5>\n\n\n\n<h5 class=\"wp-block-heading\">Sk\u00f3gs\u00faran er mj\u00f6g g\u00f3\u00f0 \u00ed salat, kryddol\u00edur, kaldar s\u00f3sur, s\u00fapur, pottr\u00e9tti og \u00e1 kj\u00f6ti\u00f0 og fiskinn. <\/h5>\n","protected":false},"excerpt":{"rendered":"<p>Sk\u00f3gs\u00fara er algeng \u00ed Nor\u00f0ur Amer\u00edku og Evr\u00f3pu og vex mj\u00f6g gjarnan \u00ed sk\u00f3garbotnum. H\u00fan er oft gefin sem gj\u00f6f \u00e1 St. Patricks degi \u00fev\u00ed h\u00fan er svo l\u00edk sm\u00e1ranum og telst \u00fev\u00ed vera heillamerki. H\u00fan er einnig notu\u00f0 \u00ed matarger\u00f0 og \u00ed lyf. Sk\u00f3gs\u00fara er fj\u00f6l\u00e6r, har\u00f0ger\u00f0 og h\u00e1lfskugg\u00feolin. H\u00fan ver\u00f0ur um 20-40 cm [&hellip;]<\/p>\n","protected":false},"author":1,"featured_media":0,"parent":492,"menu_order":0,"comment_status":"closed","ping_status":"closed","template":"","meta":{"_monsterinsights_skip_tracking":false,"_monsterinsights_sitenote_active":false,"_monsterinsights_sitenote_note":"","_monsterinsights_sitenote_category":0,"footnotes":""},"aioseo_notices":[],"_links":{"self":[{"href":"https:\/\/artangi.is\/index.php\/wp-json\/wp\/v2\/pages\/504"}],"collection":[{"href":"https:\/\/artangi.is\/index.php\/wp-json\/wp\/v2\/pages"}],"about":[{"href":"https:\/\/artangi.is\/index.php\/wp-json\/wp\/v2\/types\/page"}],"author":[{"embeddable":true,"href":"https:\/\/artangi.is\/index.php\/wp-json\/wp\/v2\/users\/1"}],"replies":[{"embeddable":true,"href":"https:\/\/artangi.is\/index.php\/wp-json\/wp\/v2\/comments?post=504"}],"version-history":[{"count":5,"href":"https:\/\/artangi.is\/index.php\/wp-json\/wp\/v2\/pages\/504\/revisions"}],"predecessor-version":[{"id":818,"href":"https:\/\/artangi.is\/index.php\/wp-json\/wp\/v2\/pages\/504\/revisions\/818"}],"up":[{"embeddable":true,"href":"https:\/\/artangi.is\/index.php\/wp-json\/wp\/v2\/pages\/492"}],"wp:attachment":[{"href":"https:\/\/artangi.is\/index.php\/wp-json\/wp\/v2\/media?parent=504"}],"curies":[{"name":"wp","href":"https:\/\/api.w.org\/{rel}","templated":true}]}}