{"id":507,"date":"2019-04-26T09:44:27","date_gmt":"2019-04-26T09:44:27","guid":{"rendered":"http:\/\/artangi.is\/?page_id=507"},"modified":"2019-05-01T12:57:33","modified_gmt":"2019-05-01T12:57:33","slug":"timian","status":"publish","type":"page","link":"https:\/\/artangi.is\/index.php\/kryddjurtir\/timian\/","title":{"rendered":"Tim\u00edan"},"content":{"rendered":"\n<div class=\"wp-block-image\"><figure class=\"aligncenter\"><a href=\"http:\/\/artangi.is\/wp-content\/uploads\/2019\/04\/timian4.png\" target=\"_blank\" rel=\"noreferrer noopener\"><img loading=\"lazy\" decoding=\"async\" width=\"400\" height=\"640\" src=\"http:\/\/artangi.is\/wp-content\/uploads\/2019\/04\/timian4.png\" alt=\"\" class=\"wp-image-532\" srcset=\"https:\/\/artangi.is\/wp-content\/uploads\/2019\/04\/timian4.png 400w, https:\/\/artangi.is\/wp-content\/uploads\/2019\/04\/timian4-188x300.png 188w\" sizes=\"(max-width: 400px) 100vw, 400px\" \/><\/a><\/figure><\/div>\n\n\n\n<h5 class=\"wp-block-heading\">Tim\u00edan er\nuppruni\u00f0 a\u00f0 mestu \u00ed Evr\u00f3pu, nor\u00f0ur Afr\u00edku og As\u00edu. Forn Grikkir notu\u00f0u Tim\u00edan \u00ed\nb\u00f6\u00f0in s\u00edn og sem reykelsi til a\u00f0 efla hugrekki. Margir tr\u00fa\u00f0u \u00fev\u00ed a\u00f0 ef riddari\nv\u00e6ri me\u00f0 tim\u00edanbl\u00f6\u00f0 \u00ed hnappagati s\u00ednu \u00fe\u00e1 myndi \u00fea\u00f0 f\u00e6ra honum hugrekki. Tim\u00edan\nhefur l\u00edka veri\u00f0 lagt \u00e1 kistur \u00ed jar\u00f0arf\u00f6rum til a\u00f0 tryggja a\u00f0 hin l\u00e1tni fari\n\u00f6rugglega \u00f3hindra\u00f0 \u00ed n\u00e6sta l\u00edf.<\/h5>\n\n\n\n<h5 class=\"wp-block-heading\">Tim\u00edan er fj\u00f6l\u00e6rt og ver\u00f0ur um 40 cm h\u00e1tt og um 30 cm \u00ed umm\u00e1l, l\u00edtur svol\u00edti\u00f0 \u00fat eins og l\u00edtil \u00fe\u00fafa. Bl\u00f6\u00f0in eru spor\u00f6skjulaga um 4-20 mm a\u00f0 lengd og gr\u00e1-gr\u00e6n a\u00f0 lit. Bl\u00f3min eru l\u00edtil og nett me\u00f0 \u00ferj\u00fa kr\u00f3nubl\u00f6\u00f0 og geta veri\u00f0 gul, hv\u00edt e\u00f0a fj\u00f3lubl\u00e1. Tim\u00edan \u00fearf mikla birtu og g\u00f3\u00f0an raka. S\u00e9 \u00fea\u00f0 haft inni skal \u00fea\u00f0 v\u00f6kvast \u00ed sk\u00e1lina hvern dag me\u00f0 \u00e1bur\u00f0i. <\/h5>\n\n\n\n<h5 class=\"wp-block-heading\">Tim\u00edan er miki\u00f0 nota\u00f0 \u00ed ilmkjarnaol\u00edur, \u00e1 kj\u00f6t, fisk, fuglakj\u00f6t, gr\u00e6nmetisr\u00e9tti, s\u00fapur, s\u00f3sur, kryddol\u00edur og \u00ed te. <\/h5>\n\n\n\n<p> <br><a rel=\"noreferrer noopener\" target=\"_blank\" href=\"http:\/\/artangi.is\/index.php\/bakadar-kartoflur-med-timjan-og-sesamfraeum\/\">bakadar-kartoflur-med-timjan-og-sesamfraeum<\/a><br><a rel=\"noreferrer noopener\" target=\"_blank\" href=\"http:\/\/artangi.is\/index.php\/islensk-tomatsupa-med-timian-og-rosmarin\/\">islensk-tomatsupa-med-timian-og-rosmarin<\/a> <br><a rel=\"noreferrer noopener\" target=\"_blank\" href=\"http:\/\/artangi.is\/index.php\/kryddjurtasalsa\/\">kryddjurtasalsa<\/a><\/p>\n","protected":false},"excerpt":{"rendered":"<p>Tim\u00edan er uppruni\u00f0 a\u00f0 mestu \u00ed Evr\u00f3pu, nor\u00f0ur Afr\u00edku og As\u00edu. Forn Grikkir notu\u00f0u Tim\u00edan \u00ed b\u00f6\u00f0in s\u00edn og sem reykelsi til a\u00f0 efla hugrekki. Margir tr\u00fa\u00f0u \u00fev\u00ed a\u00f0 ef riddari v\u00e6ri me\u00f0 tim\u00edanbl\u00f6\u00f0 \u00ed hnappagati s\u00ednu \u00fe\u00e1 myndi \u00fea\u00f0 f\u00e6ra honum hugrekki. Tim\u00edan hefur l\u00edka veri\u00f0 lagt \u00e1 kistur \u00ed jar\u00f0arf\u00f6rum til a\u00f0 tryggja [&hellip;]<\/p>\n","protected":false},"author":1,"featured_media":0,"parent":350,"menu_order":0,"comment_status":"closed","ping_status":"closed","template":"","meta":{"_monsterinsights_skip_tracking":false,"_monsterinsights_sitenote_active":false,"_monsterinsights_sitenote_note":"","_monsterinsights_sitenote_category":0,"footnotes":""},"aioseo_notices":[],"_links":{"self":[{"href":"https:\/\/artangi.is\/index.php\/wp-json\/wp\/v2\/pages\/507"}],"collection":[{"href":"https:\/\/artangi.is\/index.php\/wp-json\/wp\/v2\/pages"}],"about":[{"href":"https:\/\/artangi.is\/index.php\/wp-json\/wp\/v2\/types\/page"}],"author":[{"embeddable":true,"href":"https:\/\/artangi.is\/index.php\/wp-json\/wp\/v2\/users\/1"}],"replies":[{"embeddable":true,"href":"https:\/\/artangi.is\/index.php\/wp-json\/wp\/v2\/comments?post=507"}],"version-history":[{"count":9,"href":"https:\/\/artangi.is\/index.php\/wp-json\/wp\/v2\/pages\/507\/revisions"}],"predecessor-version":[{"id":820,"href":"https:\/\/artangi.is\/index.php\/wp-json\/wp\/v2\/pages\/507\/revisions\/820"}],"up":[{"embeddable":true,"href":"https:\/\/artangi.is\/index.php\/wp-json\/wp\/v2\/pages\/350"}],"wp:attachment":[{"href":"https:\/\/artangi.is\/index.php\/wp-json\/wp\/v2\/media?parent=507"}],"curies":[{"name":"wp","href":"https:\/\/api.w.org\/{rel}","templated":true}]}}