{"id":663,"date":"2019-04-30T11:24:23","date_gmt":"2019-04-30T11:24:23","guid":{"rendered":"http:\/\/artangi.is\/?page_id=663"},"modified":"2019-05-01T13:14:00","modified_gmt":"2019-05-01T13:14:00","slug":"sumarblom","status":"publish","type":"page","link":"https:\/\/artangi.is\/index.php\/sumarblom\/","title":{"rendered":"Sumarbl\u00f3m"},"content":{"rendered":"\n<ul class=\"wp-block-gallery alignwide columns-6 is-cropped wp-block-gallery-1 is-layout-flex wp-block-gallery-is-layout-flex\"><li class=\"blocks-gallery-item\"><figure><a href=\"http:\/\/artangi.is\/wp-content\/uploads\/2019\/04\/thuja.png\"><img loading=\"lazy\" decoding=\"async\" width=\"480\" height=\"640\" src=\"http:\/\/artangi.is\/wp-content\/uploads\/2019\/04\/thuja.png\" alt=\"\" data-id=\"661\" data-link=\"http:\/\/artangi.is\/thuja\/\" class=\"wp-image-661\" srcset=\"https:\/\/artangi.is\/wp-content\/uploads\/2019\/04\/thuja.png 480w, https:\/\/artangi.is\/wp-content\/uploads\/2019\/04\/thuja-225x300.png 225w\" sizes=\"(max-width: 480px) 100vw, 480px\" \/><\/a><\/figure><\/li><li class=\"blocks-gallery-item\"><figure><a href=\"http:\/\/artangi.is\/wp-content\/uploads\/2019\/04\/surfinia.png\"><img loading=\"lazy\" decoding=\"async\" width=\"480\" height=\"640\" src=\"http:\/\/artangi.is\/wp-content\/uploads\/2019\/04\/surfinia.png\" alt=\"\" data-id=\"660\" data-link=\"http:\/\/artangi.is\/surfinia\/\" class=\"wp-image-660\" srcset=\"https:\/\/artangi.is\/wp-content\/uploads\/2019\/04\/surfinia.png 480w, https:\/\/artangi.is\/wp-content\/uploads\/2019\/04\/surfinia-225x300.png 225w\" sizes=\"(max-width: 480px) 100vw, 480px\" \/><\/a><\/figure><\/li><li class=\"blocks-gallery-item\"><figure><a href=\"http:\/\/artangi.is\/wp-content\/uploads\/2019\/04\/solbodi.png\"><img loading=\"lazy\" decoding=\"async\" width=\"480\" height=\"640\" src=\"http:\/\/artangi.is\/wp-content\/uploads\/2019\/04\/solbodi.png\" alt=\"\" data-id=\"659\" data-link=\"http:\/\/artangi.is\/solbodi\/\" class=\"wp-image-659\" srcset=\"https:\/\/artangi.is\/wp-content\/uploads\/2019\/04\/solbodi.png 480w, https:\/\/artangi.is\/wp-content\/uploads\/2019\/04\/solbodi-225x300.png 225w\" sizes=\"(max-width: 480px) 100vw, 480px\" \/><\/a><\/figure><\/li><li class=\"blocks-gallery-item\"><figure><a href=\"http:\/\/artangi.is\/wp-content\/uploads\/2019\/04\/solblom.png\"><img loading=\"lazy\" decoding=\"async\" width=\"480\" height=\"640\" src=\"http:\/\/artangi.is\/wp-content\/uploads\/2019\/04\/solblom.png\" alt=\"\" data-id=\"658\" data-link=\"http:\/\/artangi.is\/solblom\/\" class=\"wp-image-658\" srcset=\"https:\/\/artangi.is\/wp-content\/uploads\/2019\/04\/solblom.png 480w, https:\/\/artangi.is\/wp-content\/uploads\/2019\/04\/solblom-225x300.png 225w\" sizes=\"(max-width: 480px) 100vw, 480px\" \/><\/a><\/figure><\/li><li class=\"blocks-gallery-item\"><figure><a href=\"http:\/\/artangi.is\/wp-content\/uploads\/2019\/04\/sn\u00e6drifa.png\"><img loading=\"lazy\" decoding=\"async\" width=\"480\" height=\"640\" src=\"http:\/\/artangi.is\/wp-content\/uploads\/2019\/04\/sn\u00e6drifa.png\" alt=\"\" data-id=\"657\" data-link=\"http:\/\/artangi.is\/snaedrifa\/\" class=\"wp-image-657\" srcset=\"https:\/\/artangi.is\/wp-content\/uploads\/2019\/04\/sn\u00e6drifa.png 480w, https:\/\/artangi.is\/wp-content\/uploads\/2019\/04\/sn\u00e6drifa-225x300.png 225w\" sizes=\"(max-width: 480px) 100vw, 480px\" \/><\/a><\/figure><\/li><li class=\"blocks-gallery-item\"><figure><a href=\"http:\/\/artangi.is\/wp-content\/uploads\/2019\/04\/skreyting2.png\"><img loading=\"lazy\" decoding=\"async\" width=\"480\" height=\"640\" src=\"http:\/\/artangi.is\/wp-content\/uploads\/2019\/04\/skreyting2.png\" alt=\"\" data-id=\"656\" data-link=\"http:\/\/artangi.is\/skreyting2\/\" class=\"wp-image-656\" srcset=\"https:\/\/artangi.is\/wp-content\/uploads\/2019\/04\/skreyting2.png 480w, https:\/\/artangi.is\/wp-content\/uploads\/2019\/04\/skreyting2-225x300.png 225w\" sizes=\"(max-width: 480px) 100vw, 480px\" \/><\/a><\/figure><\/li><li class=\"blocks-gallery-item\"><figure><a href=\"http:\/\/artangi.is\/wp-content\/uploads\/2019\/04\/skreyting1.png\"><img loading=\"lazy\" decoding=\"async\" width=\"480\" height=\"640\" src=\"http:\/\/artangi.is\/wp-content\/uploads\/2019\/04\/skreyting1.png\" alt=\"\" data-id=\"655\" data-link=\"http:\/\/artangi.is\/skreyting1\/\" class=\"wp-image-655\" srcset=\"https:\/\/artangi.is\/wp-content\/uploads\/2019\/04\/skreyting1.png 480w, https:\/\/artangi.is\/wp-content\/uploads\/2019\/04\/skreyting1-225x300.png 225w\" sizes=\"(max-width: 480px) 100vw, 480px\" \/><\/a><\/figure><\/li><li class=\"blocks-gallery-item\"><figure><a href=\"http:\/\/artangi.is\/wp-content\/uploads\/2019\/04\/skreyting.png\"><img loading=\"lazy\" decoding=\"async\" width=\"480\" height=\"640\" src=\"http:\/\/artangi.is\/wp-content\/uploads\/2019\/04\/skreyting.png\" alt=\"\" data-id=\"654\" data-link=\"http:\/\/artangi.is\/skreyting\/\" class=\"wp-image-654\" srcset=\"https:\/\/artangi.is\/wp-content\/uploads\/2019\/04\/skreyting.png 480w, https:\/\/artangi.is\/wp-content\/uploads\/2019\/04\/skreyting-225x300.png 225w\" sizes=\"(max-width: 480px) 100vw, 480px\" \/><\/a><\/figure><\/li><li class=\"blocks-gallery-item\"><figure><a href=\"http:\/\/artangi.is\/wp-content\/uploads\/2019\/04\/pelagonia1.png\"><img loading=\"lazy\" decoding=\"async\" width=\"640\" height=\"480\" src=\"http:\/\/artangi.is\/wp-content\/uploads\/2019\/04\/pelagonia1.png\" alt=\"\" data-id=\"653\" data-link=\"http:\/\/artangi.is\/pelagonia1\/\" class=\"wp-image-653\" srcset=\"https:\/\/artangi.is\/wp-content\/uploads\/2019\/04\/pelagonia1.png 640w, https:\/\/artangi.is\/wp-content\/uploads\/2019\/04\/pelagonia1-300x225.png 300w\" sizes=\"(max-width: 640px) 100vw, 640px\" \/><\/a><\/figure><\/li><li class=\"blocks-gallery-item\"><figure><a href=\"http:\/\/artangi.is\/wp-content\/uploads\/2019\/04\/begonia.png\"><img loading=\"lazy\" decoding=\"async\" width=\"480\" height=\"640\" src=\"http:\/\/artangi.is\/wp-content\/uploads\/2019\/04\/begonia.png\" alt=\"\" data-id=\"644\" data-link=\"http:\/\/artangi.is\/begonia\/\" class=\"wp-image-644\" srcset=\"https:\/\/artangi.is\/wp-content\/uploads\/2019\/04\/begonia.png 480w, https:\/\/artangi.is\/wp-content\/uploads\/2019\/04\/begonia-225x300.png 225w\" sizes=\"(max-width: 480px) 100vw, 480px\" \/><\/a><\/figure><\/li><li class=\"blocks-gallery-item\"><figure><a href=\"http:\/\/artangi.is\/wp-content\/uploads\/2019\/04\/colus.png\"><img loading=\"lazy\" decoding=\"async\" width=\"480\" height=\"640\" src=\"http:\/\/artangi.is\/wp-content\/uploads\/2019\/04\/colus.png\" alt=\"\" data-id=\"645\" data-link=\"http:\/\/artangi.is\/colus\/\" class=\"wp-image-645\" srcset=\"https:\/\/artangi.is\/wp-content\/uploads\/2019\/04\/colus.png 480w, https:\/\/artangi.is\/wp-content\/uploads\/2019\/04\/colus-225x300.png 225w\" sizes=\"(max-width: 480px) 100vw, 480px\" \/><\/a><\/figure><\/li><li class=\"blocks-gallery-item\"><figure><a href=\"http:\/\/artangi.is\/wp-content\/uploads\/2019\/04\/dalia.png\"><img loading=\"lazy\" decoding=\"async\" width=\"640\" height=\"480\" src=\"http:\/\/artangi.is\/wp-content\/uploads\/2019\/04\/dalia.png\" alt=\"\" data-id=\"646\" data-link=\"http:\/\/artangi.is\/dalia\/\" class=\"wp-image-646\" srcset=\"https:\/\/artangi.is\/wp-content\/uploads\/2019\/04\/dalia.png 640w, https:\/\/artangi.is\/wp-content\/uploads\/2019\/04\/dalia-300x225.png 300w\" sizes=\"(max-width: 640px) 100vw, 640px\" \/><\/a><\/figure><\/li><li class=\"blocks-gallery-item\"><figure><a href=\"http:\/\/artangi.is\/wp-content\/uploads\/2019\/04\/fjola.png\"><img loading=\"lazy\" decoding=\"async\" width=\"480\" height=\"640\" src=\"http:\/\/artangi.is\/wp-content\/uploads\/2019\/04\/fjola.png\" alt=\"\" data-id=\"647\" data-link=\"http:\/\/artangi.is\/fjola\/\" class=\"wp-image-647\" srcset=\"https:\/\/artangi.is\/wp-content\/uploads\/2019\/04\/fjola.png 480w, https:\/\/artangi.is\/wp-content\/uploads\/2019\/04\/fjola-225x300.png 225w\" sizes=\"(max-width: 480px) 100vw, 480px\" \/><\/a><\/figure><\/li><li class=\"blocks-gallery-item\"><figure><a href=\"http:\/\/artangi.is\/wp-content\/uploads\/2019\/04\/glechoma.png\"><img loading=\"lazy\" decoding=\"async\" width=\"480\" height=\"640\" src=\"http:\/\/artangi.is\/wp-content\/uploads\/2019\/04\/glechoma.png\" alt=\"\" data-id=\"648\" data-link=\"http:\/\/artangi.is\/glechoma\/\" class=\"wp-image-648\" srcset=\"https:\/\/artangi.is\/wp-content\/uploads\/2019\/04\/glechoma.png 480w, https:\/\/artangi.is\/wp-content\/uploads\/2019\/04\/glechoma-225x300.png 225w\" sizes=\"(max-width: 480px) 100vw, 480px\" \/><\/a><\/figure><\/li><li class=\"blocks-gallery-item\"><figure><a href=\"http:\/\/artangi.is\/wp-content\/uploads\/2019\/04\/hortensia.png\"><img loading=\"lazy\" decoding=\"async\" width=\"480\" height=\"640\" src=\"http:\/\/artangi.is\/wp-content\/uploads\/2019\/04\/hortensia.png\" alt=\"\" data-id=\"649\" data-link=\"http:\/\/artangi.is\/hortensia\/\" class=\"wp-image-649\" srcset=\"https:\/\/artangi.is\/wp-content\/uploads\/2019\/04\/hortensia.png 480w, https:\/\/artangi.is\/wp-content\/uploads\/2019\/04\/hortensia-225x300.png 225w\" sizes=\"(max-width: 480px) 100vw, 480px\" \/><\/a><\/figure><\/li><li class=\"blocks-gallery-item\"><figure><a href=\"http:\/\/artangi.is\/wp-content\/uploads\/2019\/04\/hus5.png\"><img loading=\"lazy\" decoding=\"async\" width=\"480\" height=\"640\" src=\"http:\/\/artangi.is\/wp-content\/uploads\/2019\/04\/hus5.png\" alt=\"\" data-id=\"650\" data-link=\"http:\/\/artangi.is\/hus5\/\" class=\"wp-image-650\" srcset=\"https:\/\/artangi.is\/wp-content\/uploads\/2019\/04\/hus5.png 480w, https:\/\/artangi.is\/wp-content\/uploads\/2019\/04\/hus5-225x300.png 225w\" sizes=\"(max-width: 480px) 100vw, 480px\" \/><\/a><\/figure><\/li><li class=\"blocks-gallery-item\"><figure><a href=\"http:\/\/artangi.is\/wp-content\/uploads\/2019\/04\/nelika.png\"><img loading=\"lazy\" decoding=\"async\" width=\"640\" height=\"480\" src=\"http:\/\/artangi.is\/wp-content\/uploads\/2019\/04\/nelika.png\" alt=\"\" data-id=\"651\" data-link=\"http:\/\/artangi.is\/nelika\/\" class=\"wp-image-651\" srcset=\"https:\/\/artangi.is\/wp-content\/uploads\/2019\/04\/nelika.png 640w, https:\/\/artangi.is\/wp-content\/uploads\/2019\/04\/nelika-300x225.png 300w\" sizes=\"(max-width: 640px) 100vw, 640px\" \/><\/a><\/figure><\/li><li class=\"blocks-gallery-item\"><figure><a href=\"http:\/\/artangi.is\/wp-content\/uploads\/2019\/04\/pelagonia.png\"><img loading=\"lazy\" decoding=\"async\" width=\"480\" height=\"640\" src=\"http:\/\/artangi.is\/wp-content\/uploads\/2019\/04\/pelagonia.png\" alt=\"\" data-id=\"652\" data-link=\"http:\/\/artangi.is\/pelagonia\/\" class=\"wp-image-652\" srcset=\"https:\/\/artangi.is\/wp-content\/uploads\/2019\/04\/pelagonia.png 480w, https:\/\/artangi.is\/wp-content\/uploads\/2019\/04\/pelagonia-225x300.png 225w\" sizes=\"(max-width: 480px) 100vw, 480px\" \/><\/a><\/figure><\/li><\/ul>\n\n\n\n<p>S\u00f3lhnappur<br>J\u00e1rnurt <br>Sn\u00e6dr\u00edfa <br>Nellika <br>Margar\u00edta <br>Pelarg\u00f3n\u00eda <br>S\u00f3lbo\u00f0i  <br>Bergfl\u00e9tta <br>Sk\u00fdjablettur <br>T\u00f3bakshorn 17 cm <br>T\u00f3bakshorn 14 cm <br>Fj\u00f3la 9 cm<br>Fj\u00f3la 12 cm <br>C\u00f3lus <br>T\u00f3matplanta<\/p>\n","protected":false},"excerpt":{"rendered":"<p>S\u00f3lhnappurJ\u00e1rnurt Sn\u00e6dr\u00edfa Nellika Margar\u00edta Pelarg\u00f3n\u00eda S\u00f3lbo\u00f0i Bergfl\u00e9tta Sk\u00fdjablettur T\u00f3bakshorn 17 cm T\u00f3bakshorn 14 cm Fj\u00f3la 9 cmFj\u00f3la 12 cm C\u00f3lus T\u00f3matplanta<\/p>\n","protected":false},"author":1,"featured_media":0,"parent":0,"menu_order":0,"comment_status":"closed","ping_status":"closed","template":"","meta":{"_monsterinsights_skip_tracking":false,"_monsterinsights_sitenote_active":false,"_monsterinsights_sitenote_note":"","_monsterinsights_sitenote_category":0,"footnotes":""},"aioseo_notices":[],"_links":{"self":[{"href":"https:\/\/artangi.is\/index.php\/wp-json\/wp\/v2\/pages\/663"}],"collection":[{"href":"https:\/\/artangi.is\/index.php\/wp-json\/wp\/v2\/pages"}],"about":[{"href":"https:\/\/artangi.is\/index.php\/wp-json\/wp\/v2\/types\/page"}],"author":[{"embeddable":true,"href":"https:\/\/artangi.is\/index.php\/wp-json\/wp\/v2\/users\/1"}],"replies":[{"embeddable":true,"href":"https:\/\/artangi.is\/index.php\/wp-json\/wp\/v2\/comments?post=663"}],"version-history":[{"count":5,"href":"https:\/\/artangi.is\/index.php\/wp-json\/wp\/v2\/pages\/663\/revisions"}],"predecessor-version":[{"id":826,"href":"https:\/\/artangi.is\/index.php\/wp-json\/wp\/v2\/pages\/663\/revisions\/826"}],"wp:attachment":[{"href":"https:\/\/artangi.is\/index.php\/wp-json\/wp\/v2\/media?parent=663"}],"curies":[{"name":"wp","href":"https:\/\/api.w.org\/{rel}","templated":true}]}}