{"id":712,"date":"2019-05-01T11:02:55","date_gmt":"2019-05-01T11:02:55","guid":{"rendered":"http:\/\/artangi.is\/?page_id=712"},"modified":"2019-05-01T12:41:31","modified_gmt":"2019-05-01T12:41:31","slug":"bakadar-kartoflur-med-timjan-og-sesamfraeum","status":"publish","type":"page","link":"https:\/\/artangi.is\/index.php\/bakadar-kartoflur-med-timjan-og-sesamfraeum\/","title":{"rendered":"Baka\u00f0ar kart\u00f6flur              me\u00f0 timjan og sesamfr\u00e6um"},"content":{"rendered":"\n<div class=\"wp-block-image\"><figure class=\"aligncenter\"><a href=\"http:\/\/artangi.is\/wp-content\/uploads\/2019\/05\/bokudkart.png\" target=\"_blank\" rel=\"noreferrer noopener\"><img loading=\"lazy\" decoding=\"async\" width=\"640\" height=\"480\" src=\"http:\/\/artangi.is\/wp-content\/uploads\/2019\/05\/bokudkart.png\" alt=\"\" class=\"wp-image-714\" srcset=\"https:\/\/artangi.is\/wp-content\/uploads\/2019\/05\/bokudkart.png 640w, https:\/\/artangi.is\/wp-content\/uploads\/2019\/05\/bokudkart-300x225.png 300w\" sizes=\"(max-width: 640px) 100vw, 640px\" \/><\/a><\/figure><\/div>\n\n\n\n<p style=\"font-size:18px\">500 g b\u00f6kunarkart\u00f6flur, ca. 5 stk<br>\u00f6gn af \u00f3l\u00edfuol\u00edu<br>salt, pipar,<br><a href=\"http:\/\/artangi.is\/index.php\/kryddjurtir\/timian\/\">timjan<\/a>, sesamfr\u00e6<br> <br>B\u00f6kunarkart\u00f6flur eru skr\u00e6ldar.<br>Skeri\u00f0 l\u00edtillega af einni hli\u00f0inni svo kartaflan r\u00falli ekki \u00fat um allt<br>Skeri\u00f0 ni\u00f0ur \u00ed h\u00e1lfa kart\u00f6flu me\u00f0 2 mm millibili<br>Sett \u00e1 b\u00f6kunarpl\u00f6tu og pensla\u00f0 me\u00f0 ol\u00edu. Kryddi\u00f0 me\u00f0 salti, pipar og t.d. sesamfr\u00e6jum, timjan e\u00f0a \u00f6\u00f0rum g\u00f3\u00f0um kryddum. Reyni\u00f0 a\u00f0 fletta rifunum a\u00f0eins opnum svo kryddi\u00f0 fari \u00e1 milli laga \u00ed kart\u00f6flunni.<br>Baki\u00f0 vi\u00f0 170\u00b0C \u00ed 25 \u2013 30 m\u00edn.<br>\u00deetta er smart me\u00f0l\u00e6ti me\u00f0 \u00f6llum mat.<br><br>Ef vill m\u00e1 skr\u00e6la kart\u00f6flurnar a\u00f0eins \u00feykkar og steikja h\u00fd\u00f0i\u00f0 sem nasl. <\/p>\n","protected":false},"excerpt":{"rendered":"<p>500 g b\u00f6kunarkart\u00f6flur, ca. 5 stk\u00f6gn af \u00f3l\u00edfuol\u00edusalt, pipar,timjan, sesamfr\u00e6 B\u00f6kunarkart\u00f6flur eru skr\u00e6ldar.Skeri\u00f0 l\u00edtillega af einni hli\u00f0inni svo kartaflan r\u00falli ekki \u00fat um alltSkeri\u00f0 ni\u00f0ur \u00ed h\u00e1lfa kart\u00f6flu me\u00f0 2 mm millibiliSett \u00e1 b\u00f6kunarpl\u00f6tu og pensla\u00f0 me\u00f0 ol\u00edu. Kryddi\u00f0 me\u00f0 salti, pipar og t.d. sesamfr\u00e6jum, timjan e\u00f0a \u00f6\u00f0rum g\u00f3\u00f0um kryddum. Reyni\u00f0 a\u00f0 fletta rifunum a\u00f0eins [&hellip;]<\/p>\n","protected":false},"author":1,"featured_media":0,"parent":0,"menu_order":0,"comment_status":"closed","ping_status":"closed","template":"","meta":{"_monsterinsights_skip_tracking":false,"_monsterinsights_sitenote_active":false,"_monsterinsights_sitenote_note":"","_monsterinsights_sitenote_category":0,"footnotes":""},"aioseo_notices":[],"_links":{"self":[{"href":"https:\/\/artangi.is\/index.php\/wp-json\/wp\/v2\/pages\/712"}],"collection":[{"href":"https:\/\/artangi.is\/index.php\/wp-json\/wp\/v2\/pages"}],"about":[{"href":"https:\/\/artangi.is\/index.php\/wp-json\/wp\/v2\/types\/page"}],"author":[{"embeddable":true,"href":"https:\/\/artangi.is\/index.php\/wp-json\/wp\/v2\/users\/1"}],"replies":[{"embeddable":true,"href":"https:\/\/artangi.is\/index.php\/wp-json\/wp\/v2\/comments?post=712"}],"version-history":[{"count":4,"href":"https:\/\/artangi.is\/index.php\/wp-json\/wp\/v2\/pages\/712\/revisions"}],"predecessor-version":[{"id":789,"href":"https:\/\/artangi.is\/index.php\/wp-json\/wp\/v2\/pages\/712\/revisions\/789"}],"wp:attachment":[{"href":"https:\/\/artangi.is\/index.php\/wp-json\/wp\/v2\/media?parent=712"}],"curies":[{"name":"wp","href":"https:\/\/api.w.org\/{rel}","templated":true}]}}