{"id":722,"date":"2019-05-01T11:17:37","date_gmt":"2019-05-01T11:17:37","guid":{"rendered":"http:\/\/artangi.is\/?page_id=722"},"modified":"2019-05-01T12:44:34","modified_gmt":"2019-05-01T12:44:34","slug":"kryddjurtasalsa","status":"publish","type":"page","link":"https:\/\/artangi.is\/index.php\/kryddjurtasalsa\/","title":{"rendered":"Kryddjurtasalsa"},"content":{"rendered":"\n<div class=\"wp-block-image\"><figure class=\"aligncenter\"><a href=\"http:\/\/artangi.is\/wp-content\/uploads\/2019\/05\/kryddolia.png\" target=\"_blank\" rel=\"noreferrer noopener\"><img loading=\"lazy\" decoding=\"async\" width=\"480\" height=\"640\" src=\"http:\/\/artangi.is\/wp-content\/uploads\/2019\/05\/kryddolia.png\" alt=\"\" class=\"wp-image-723\" srcset=\"https:\/\/artangi.is\/wp-content\/uploads\/2019\/05\/kryddolia.png 480w, https:\/\/artangi.is\/wp-content\/uploads\/2019\/05\/kryddolia-225x300.png 225w\" sizes=\"(max-width: 480px) 100vw, 480px\" \/><\/a><\/figure><\/div>\n\n\n\n<p style=\"font-size:18px\">100g m\u00f6ndlur,&nbsp;\u00feurrrista\u00f0ar&nbsp;<br>3 msk ferskar kryddjurtir: <a href=\"http:\/\/artangi.is\/index.php\/kryddjurtir\/rosmarin\/\">r\u00f3smarin<\/a> + <a href=\"http:\/\/artangi.is\/index.php\/kryddjurtir\/timian\/\">timian<\/a> + <a href=\"http:\/\/artangi.is\/index.php\/kryddjurtir\/salvia\/\">salv\u00eda<\/a> <br>1 b\u00fant <a href=\"http:\/\/artangi.is\/index.php\/kryddjurtir\/koriander\/\">k\u00f3r\u00edander<\/a> <br>\u00bd b\u00fant <a href=\"http:\/\/artangi.is\/index.php\/kryddjurtir\/mynta\/\">mynta <\/a><br>1-2 rau\u00f0ur chili <br>1 \u00bd tsk salt <br>3 msk s\u00edtr\u00f3nusafi <br>1 \u00bd dl j\u00f3mfr\u00faar \u00f3l\u00edfuol\u00eda<br><br>Allt saxa\u00f0 sm\u00e1tt og blanda\u00f0 saman<\/p>\n","protected":false},"excerpt":{"rendered":"<p>100g m\u00f6ndlur,&nbsp;\u00feurrrista\u00f0ar&nbsp;3 msk ferskar kryddjurtir: r\u00f3smarin + timian + salv\u00eda 1 b\u00fant k\u00f3r\u00edander \u00bd b\u00fant mynta 1-2 rau\u00f0ur chili 1 \u00bd tsk salt 3 msk s\u00edtr\u00f3nusafi 1 \u00bd dl j\u00f3mfr\u00faar \u00f3l\u00edfuol\u00eda Allt saxa\u00f0 sm\u00e1tt og blanda\u00f0 saman<\/p>\n","protected":false},"author":1,"featured_media":0,"parent":0,"menu_order":0,"comment_status":"closed","ping_status":"closed","template":"","meta":{"_monsterinsights_skip_tracking":false,"_monsterinsights_sitenote_active":false,"_monsterinsights_sitenote_note":"","_monsterinsights_sitenote_category":0,"footnotes":""},"aioseo_notices":[],"_links":{"self":[{"href":"https:\/\/artangi.is\/index.php\/wp-json\/wp\/v2\/pages\/722"}],"collection":[{"href":"https:\/\/artangi.is\/index.php\/wp-json\/wp\/v2\/pages"}],"about":[{"href":"https:\/\/artangi.is\/index.php\/wp-json\/wp\/v2\/types\/page"}],"author":[{"embeddable":true,"href":"https:\/\/artangi.is\/index.php\/wp-json\/wp\/v2\/users\/1"}],"replies":[{"embeddable":true,"href":"https:\/\/artangi.is\/index.php\/wp-json\/wp\/v2\/comments?post=722"}],"version-history":[{"count":7,"href":"https:\/\/artangi.is\/index.php\/wp-json\/wp\/v2\/pages\/722\/revisions"}],"predecessor-version":[{"id":794,"href":"https:\/\/artangi.is\/index.php\/wp-json\/wp\/v2\/pages\/722\/revisions\/794"}],"wp:attachment":[{"href":"https:\/\/artangi.is\/index.php\/wp-json\/wp\/v2\/media?parent=722"}],"curies":[{"name":"wp","href":"https:\/\/api.w.org\/{rel}","templated":true}]}}