{"id":725,"date":"2019-05-01T11:19:58","date_gmt":"2019-05-01T11:19:58","guid":{"rendered":"http:\/\/artangi.is\/?page_id=725"},"modified":"2019-05-01T12:43:41","modified_gmt":"2019-05-01T12:43:41","slug":"basil-dressing","status":"publish","type":"page","link":"https:\/\/artangi.is\/index.php\/basil-dressing\/","title":{"rendered":"Basil dressing"},"content":{"rendered":"\n<div class=\"wp-block-image\"><figure class=\"aligncenter\"><a href=\"http:\/\/artangi.is\/wp-content\/uploads\/2019\/05\/Basildressing.png\" target=\"_blank\" rel=\"noreferrer noopener\"><img loading=\"lazy\" decoding=\"async\" width=\"480\" height=\"640\" src=\"http:\/\/artangi.is\/wp-content\/uploads\/2019\/05\/Basildressing.png\" alt=\"\" class=\"wp-image-726\" srcset=\"https:\/\/artangi.is\/wp-content\/uploads\/2019\/05\/Basildressing.png 480w, https:\/\/artangi.is\/wp-content\/uploads\/2019\/05\/Basildressing-225x300.png 225w\" sizes=\"(max-width: 480px) 100vw, 480px\" \/><\/a><\/figure><\/div>\n\n\n\n<p style=\"font-size:18px\">2 dl j\u00f3mfr\u00faar \u00f3l\u00edfuol\u00eda<br>2 msk balsam edik e\u00f0a epla edik <br>3 msk sinnep <br>5 <a href=\"http:\/\/artangi.is\/index.php\/kryddjurtir\/basilika\/\">basil<\/a> stilkar (stilkur + bl\u00f6\u00f0) <br>1 appels\u00edna, afh\u00fddd og steinarnir fjarl\u00e6g\u00f0ir <br>2 d\u00f6\u00f0lur e\u00f0a 1 msk s\u00e6ta a\u00f0 eigin vali <br>\u00bc tsk salt <br>\u00bc tsk n\u00fdmala\u00f0ur svartur pipar<br><br>Allt sett \u00ed blandara og blanda\u00f0 saman. <\/p>\n","protected":false},"excerpt":{"rendered":"<p>2 dl j\u00f3mfr\u00faar \u00f3l\u00edfuol\u00eda2 msk balsam edik e\u00f0a epla edik 3 msk sinnep 5 basil stilkar (stilkur + bl\u00f6\u00f0) 1 appels\u00edna, afh\u00fddd og steinarnir fjarl\u00e6g\u00f0ir 2 d\u00f6\u00f0lur e\u00f0a 1 msk s\u00e6ta a\u00f0 eigin vali \u00bc tsk salt \u00bc tsk n\u00fdmala\u00f0ur svartur pipar Allt sett \u00ed blandara og blanda\u00f0 saman.<\/p>\n","protected":false},"author":1,"featured_media":0,"parent":0,"menu_order":0,"comment_status":"closed","ping_status":"closed","template":"","meta":{"_monsterinsights_skip_tracking":false,"_monsterinsights_sitenote_active":false,"_monsterinsights_sitenote_note":"","_monsterinsights_sitenote_category":0,"footnotes":""},"aioseo_notices":[],"_links":{"self":[{"href":"https:\/\/artangi.is\/index.php\/wp-json\/wp\/v2\/pages\/725"}],"collection":[{"href":"https:\/\/artangi.is\/index.php\/wp-json\/wp\/v2\/pages"}],"about":[{"href":"https:\/\/artangi.is\/index.php\/wp-json\/wp\/v2\/types\/page"}],"author":[{"embeddable":true,"href":"https:\/\/artangi.is\/index.php\/wp-json\/wp\/v2\/users\/1"}],"replies":[{"embeddable":true,"href":"https:\/\/artangi.is\/index.php\/wp-json\/wp\/v2\/comments?post=725"}],"version-history":[{"count":3,"href":"https:\/\/artangi.is\/index.php\/wp-json\/wp\/v2\/pages\/725\/revisions"}],"predecessor-version":[{"id":791,"href":"https:\/\/artangi.is\/index.php\/wp-json\/wp\/v2\/pages\/725\/revisions\/791"}],"wp:attachment":[{"href":"https:\/\/artangi.is\/index.php\/wp-json\/wp\/v2\/media?parent=725"}],"curies":[{"name":"wp","href":"https:\/\/api.w.org\/{rel}","templated":true}]}}