{"id":728,"date":"2019-05-01T11:23:46","date_gmt":"2019-05-01T11:23:46","guid":{"rendered":"http:\/\/artangi.is\/?page_id=728"},"modified":"2019-05-01T12:44:14","modified_gmt":"2019-05-01T12:44:14","slug":"koriander-dressing","status":"publish","type":"page","link":"https:\/\/artangi.is\/index.php\/koriander-dressing\/","title":{"rendered":"K\u00f3r\u00edander dressing"},"content":{"rendered":"\n<div class=\"wp-block-image\"><figure class=\"aligncenter\"><a href=\"http:\/\/artangi.is\/wp-content\/uploads\/2019\/05\/Korianderdressing.png\" target=\"_blank\" rel=\"noreferrer noopener\"><img loading=\"lazy\" decoding=\"async\" width=\"640\" height=\"480\" src=\"http:\/\/artangi.is\/wp-content\/uploads\/2019\/05\/Korianderdressing.png\" alt=\"\" class=\"wp-image-729\" srcset=\"https:\/\/artangi.is\/wp-content\/uploads\/2019\/05\/Korianderdressing.png 640w, https:\/\/artangi.is\/wp-content\/uploads\/2019\/05\/Korianderdressing-300x225.png 300w\" sizes=\"(max-width: 640px) 100vw, 640px\" \/><\/a><\/figure><\/div>\n\n\n\n<p style=\"font-size:18px\">3 dl gr\u00edsk j\u00f3g\u00fart<br>1 l\u00faka f\u00ednt saxa\u00f0ur <a href=\"http:\/\/artangi.is\/index.php\/kryddjurtir\/koriander\/\">k\u00f3r\u00edander<\/a><br>1\/2 g\u00farka, fr\u00e6hreinsu\u00f0 og rifin \u00e1 gr\u00f3fu rifj\u00e1rni<br>safi \u00far 1\/2 lime<br>sj\u00e1var salt<br><br>Blandi\u00f0 saman og leyfi\u00f0 a\u00f0 standa \u00ed a\u00f0 minnsta kosti klukkustund \u00ed \u00edssk\u00e1p \u00e1\u00f0ur en bori\u00f0 er fram.<\/p>\n","protected":false},"excerpt":{"rendered":"<p>3 dl gr\u00edsk j\u00f3g\u00fart1 l\u00faka f\u00ednt saxa\u00f0ur k\u00f3r\u00edander1\/2 g\u00farka, fr\u00e6hreinsu\u00f0 og rifin \u00e1 gr\u00f3fu rifj\u00e1rnisafi \u00far 1\/2 limesj\u00e1var salt Blandi\u00f0 saman og leyfi\u00f0 a\u00f0 standa \u00ed a\u00f0 minnsta kosti klukkustund \u00ed \u00edssk\u00e1p \u00e1\u00f0ur en bori\u00f0 er fram.<\/p>\n","protected":false},"author":1,"featured_media":0,"parent":0,"menu_order":0,"comment_status":"closed","ping_status":"closed","template":"","meta":{"_monsterinsights_skip_tracking":false,"_monsterinsights_sitenote_active":false,"_monsterinsights_sitenote_note":"","_monsterinsights_sitenote_category":0,"footnotes":""},"aioseo_notices":[],"_links":{"self":[{"href":"https:\/\/artangi.is\/index.php\/wp-json\/wp\/v2\/pages\/728"}],"collection":[{"href":"https:\/\/artangi.is\/index.php\/wp-json\/wp\/v2\/pages"}],"about":[{"href":"https:\/\/artangi.is\/index.php\/wp-json\/wp\/v2\/types\/page"}],"author":[{"embeddable":true,"href":"https:\/\/artangi.is\/index.php\/wp-json\/wp\/v2\/users\/1"}],"replies":[{"embeddable":true,"href":"https:\/\/artangi.is\/index.php\/wp-json\/wp\/v2\/comments?post=728"}],"version-history":[{"count":3,"href":"https:\/\/artangi.is\/index.php\/wp-json\/wp\/v2\/pages\/728\/revisions"}],"predecessor-version":[{"id":793,"href":"https:\/\/artangi.is\/index.php\/wp-json\/wp\/v2\/pages\/728\/revisions\/793"}],"wp:attachment":[{"href":"https:\/\/artangi.is\/index.php\/wp-json\/wp\/v2\/media?parent=728"}],"curies":[{"name":"wp","href":"https:\/\/api.w.org\/{rel}","templated":true}]}}